{"id":2958,"date":"2022-08-31T09:29:32","date_gmt":"2022-08-31T09:29:32","guid":{"rendered":"https:\/\/montessoritech.eu\/?page_id=2958"},"modified":"2023-02-01T11:25:00","modified_gmt":"2023-02-01T11:25:00","slug":"montech-rehberi","status":"publish","type":"page","link":"https:\/\/montessoritech.eu\/tr\/montech-rehberi\/","title":{"rendered":"Montech Rehberi"},"content":{"rendered":"<div id=\"dslc-content\" class=\"dslc-content dslc-clearfix\"><div id=\"dslc-main\">\r\n\t\t\t<div  class=\"dslc-modules-section \" style=\"padding-top:40px;padding-bottom:40px;\" data-section-id=\"aca8551a744\">\r\n\t\t\t\t\r\n\t\t\t\t\r\n\t\t\t\t<div class=\"dslc-modules-section-wrapper dslc-clearfix\"><div  class=\"dslc-modules-area dslc-col dslc-12-col dslc-last-col dslc-valign- \" data-size=\"12\" data-valign=\"\" data-modules-area-id=\"\" ><style type=\"text\/css\" id=\"dslca-modules-area-\"><\/style>\r\n\t\t<div id=\"dslc-module-155b3bd8450\" class=\"dslc-module-front dslc-module-DSLC_Text_Simple dslc-in-viewport-check dslc-in-viewport-anim-none  dslc-col dslc-12-col dslc-last-col  dslc-module-handle-like-regular \" data-module-id=\"155b3bd8450\" data-module=\"DSLC_Text_Simple\" data-dslc-module-size=\"12\" data-dslc-anim=\"none\" data-dslc-anim-delay=\"\" data-dslc-anim-duration=\"650\"  data-dslc-anim-easing=\"ease\" data-dslc-preset=\"none\" >\r\n\r\n\t\t\t\r\n\t\t\t\r\n\t\t\n\t\t<div class=\"dslc-text-module-content\">\n\t\t\t<p>MonTech k\u0131lavuzu, Montessori ve konsorsiyumun Yarat\u0131c\u0131 Teknolojiler uzmanlar\u0131 taraf\u0131ndan ortakla\u015fa tasarlanmaktad\u0131r. Ayr\u0131ca, ilk versiyonu t\u00fcm ortaklar\u0131n \u00fclkelerindeki \u00e7ok k\u00fclt\u00fcrl\u00fc okullarda test edilmi\u015ftir ve \u00f6\u011fretmenleri, nihai versiyonu detayland\u0131rmak i\u00e7in deneyimlerine dayal\u0131 olarak geri bildirim sa\u011flam\u0131\u015ft\u0131r. Sonu\u00e7 olarak, bir ilkokul \u00f6\u011fretmeninin, Scratch odakl\u0131 ve m\u00fcfredatlar aras\u0131 uygulamal\u0131, tak\u0131l\u0131 ve tak\u0131l\u0131 olmayan Yarat\u0131c\u0131 Teknolojiler etkinliklerini bir araya getiren Montessori ilkelerinden ve d\u00fcnya k\u00fclt\u00fcrlerinden g\u00fc\u00e7l\u00fc bir \u015fekilde etkilenen bir rehber kitab\u0131.<\/p>\t\t<\/div>\n\n\t\t\r\n\t\t\t\t<\/div><!-- .dslc-module -->\r\n\t\t<\/div><\/div><\/div>\r\n\t\t\t<div  class=\"dslc-modules-section \" style=\"padding-top:20px;padding-bottom:20px;\" data-section-id=\"7185cb64fcf\">\r\n\t\t\t\t\r\n\t\t\t\t\r\n\t\t\t\t<div class=\"dslc-modules-section-wrapper dslc-clearfix\"><div  class=\"dslc-modules-area dslc-col dslc-12-col dslc-last-col dslc-valign- \" data-size=\"12\" data-valign=\"\" data-modules-area-id=\"\" ><style type=\"text\/css\" id=\"dslca-modules-area-\"><\/style>\r\n\t\t<div id=\"dslc-module-0646ecc96c7\" class=\"dslc-module-front dslc-module-DSLC_Shortcode dslc-in-viewport-check dslc-in-viewport-anim-none  dslc-col dslc-8-col  dslc-module-handle-like-regular \" data-module-id=\"0646ecc96c7\" data-module=\"DSLC_Shortcode\" data-dslc-module-size=\"8\" data-dslc-anim=\"none\" data-dslc-anim-delay=\"\" data-dslc-anim-duration=\"650\"  data-dslc-anim-easing=\"ease\" data-dslc-preset=\"none\" >\r\n\r\n\t\t\t\r\n\t\t\t\r\n\t\t\t\t<div class=\"dslc-module-shortcode\">\n\t\t\t<div class='w3eden'><!-- WPDM Link Template: Default Template -->\n\n<div class=\"link-template-default card mb-2\">\n    <div class=\"card-body\">\n        <div class=\"media\">\n            <div class=\"mr-3 img-48\"><img class=\"wpdm_icon\" alt=\"Icon\"   src=\"https:\/\/montessoritech.eu\/wp-content\/plugins\/download-manager\/assets\/file-type-icons\/pdf.svg\" \/><\/div>\n            <div class=\"media-body\">\n                <h3 class=\"package-title\"><a href='https:\/\/montessoritech.eu\/tr\/download\/ilkokul-ogretmeni-rehberlik-kitabi\/'>\u0130lkokul \u00f6\u011fretmeni rehberlik kitab\u0131<\/a><\/h3>\n                <div class=\"text-muted text-small\"><i class=\"fas fa-copy\"><\/i> 1 file(s) <i class=\"fas fa-hdd ml-3\"><\/i> 7 MB<\/div>\n            <\/div>\n            <div class=\"ml-3\">\n                <a class='wpdm-download-link download-on-click btn btn-primary ' rel='nofollow' href='#' data-downloadurl=\"https:\/\/montessoritech.eu\/tr\/download\/ilkokul-ogretmeni-rehberlik-kitabi\/?wpdmdl=3015&refresh=69f212ebacf4d1777472235\">Download<\/a>\n            <\/div>\n        <\/div>\n    <\/div>\n<\/div>\n\n<\/div>\t\t<\/div>\n\t\t\r\n\t\t\t\t<\/div><!-- .dslc-module -->\r\n\t\t<\/div><\/div><\/div><\/div><\/div>","protected":false},"excerpt":{"rendered":"<p>MonTech k\u0131lavuzu, Montessori ve konsorsiyumun Yarat\u0131c\u0131 Teknolojiler uzmanlar\u0131 taraf\u0131ndan ortakla\u015fa tasarlanmaktad\u0131r. Ayr\u0131ca, ilk versiyonu t\u00fcm ortaklar\u0131n \u00fclkelerindeki \u00e7ok k\u00fclt\u00fcrl\u00fc okullarda test edilmi\u015ftir ve \u00f6\u011fretmenleri, nihai versiyonu detayland\u0131rmak i\u00e7in deneyimlerine dayal\u0131 [&hellip;]<\/p>\n","protected":false},"author":1,"featured_media":0,"parent":0,"menu_order":0,"comment_status":"closed","ping_status":"closed","template":"page-templates\/page_fullwidth.php","meta":[],"_links":{"self":[{"href":"https:\/\/montessoritech.eu\/tr\/wp-json\/wp\/v2\/pages\/2958"}],"collection":[{"href":"https:\/\/montessoritech.eu\/tr\/wp-json\/wp\/v2\/pages"}],"about":[{"href":"https:\/\/montessoritech.eu\/tr\/wp-json\/wp\/v2\/types\/page"}],"author":[{"embeddable":true,"href":"https:\/\/montessoritech.eu\/tr\/wp-json\/wp\/v2\/users\/1"}],"replies":[{"embeddable":true,"href":"https:\/\/montessoritech.eu\/tr\/wp-json\/wp\/v2\/comments?post=2958"}],"version-history":[{"count":1,"href":"https:\/\/montessoritech.eu\/tr\/wp-json\/wp\/v2\/pages\/2958\/revisions"}],"predecessor-version":[{"id":2959,"href":"https:\/\/montessoritech.eu\/tr\/wp-json\/wp\/v2\/pages\/2958\/revisions\/2959"}],"wp:attachment":[{"href":"https:\/\/montessoritech.eu\/tr\/wp-json\/wp\/v2\/media?parent=2958"}],"curies":[{"name":"wp","href":"https:\/\/api.w.org\/{rel}","templated":true}]}}