{"id":2597,"date":"2021-12-10T12:56:07","date_gmt":"2021-12-10T12:56:07","guid":{"rendered":"https:\/\/montessoritech.eu\/?page_id=2597"},"modified":"2021-12-10T12:56:09","modified_gmt":"2021-12-10T12:56:09","slug":"creative-technologies","status":"publish","type":"page","link":"https:\/\/montessoritech.eu\/tr\/yontemler\/creative-technologies\/","title":{"rendered":"Creative Technologies"},"content":{"rendered":"<div id=\"dslc-theme-content\"><div id=\"dslc-theme-content-inner\"><div id=\"dslc-content\" class=\"dslc-content dslc-clearfix\">\n<div id=\"dslc-main\">\n<div  class=\"dslc-modules-section \" style=\"padding-bottom:20px;padding-top:20px;\" data-section-id=\"b2571407e05\">\n<div class=\"dslc-modules-section-wrapper dslc-clearfix\">\n<style type=\"text\/css\" id=\"dslca-modules-area-\"><\/style>\n<div  class=\"dslc-modules-area dslc-col dslc-12-col dslc-last-col dslc-valign- \" data-size=\"12\" data-valign=\"\" data-modules-area-id=\"\" >\n<div id=\"dslc-module-d55174205cb\" class=\"dslc-module-front dslc-module-DSLC_Image dslc-in-viewport-check dslc-in-viewport-anim-none  dslc-col dslc-12-col dslc-last-col  dslc-module-handle-like-regular \" data-module-id=\"d55174205cb\" data-module=\"DSLC_Image\" data-dslc-module-size=\"12\" data-dslc-anim=\"none\" data-dslc-anim-delay=\"\" data-dslc-anim-duration=\"650\"  data-dslc-anim-easing=\"ease\" data-dslc-preset=\"none\" >\n<div class=\"dslc-image-container\">\n<div class=\"dslc-image\">\n<p>\t\t\t\t\t\t\t\t\t<img decoding=\"async\" src=\"https:\/\/montessoritech.eu\/wp-content\/uploads\/2021\/05\/E10yeCbWUAQMzwO.jpg\" alt=\"\" title=\"\" srcset=\"https:\/\/montessoritech.eu\/wp-content\/uploads\/2021\/05\/E10yeCbWUAQMzwO.jpg 2048w, https:\/\/montessoritech.eu\/wp-content\/uploads\/2021\/05\/E10yeCbWUAQMzwO-300x225.jpg 300w, https:\/\/montessoritech.eu\/wp-content\/uploads\/2021\/05\/E10yeCbWUAQMzwO-1024x768.jpg 1024w, https:\/\/montessoritech.eu\/wp-content\/uploads\/2021\/05\/E10yeCbWUAQMzwO-768x576.jpg 768w, https:\/\/montessoritech.eu\/wp-content\/uploads\/2021\/05\/E10yeCbWUAQMzwO-1536x1152.jpg 1536w, https:\/\/montessoritech.eu\/wp-content\/uploads\/2021\/05\/E10yeCbWUAQMzwO-660x495.jpg 660w, https:\/\/montessoritech.eu\/wp-content\/uploads\/2021\/05\/E10yeCbWUAQMzwO-450x338.jpg 450w\" sizes=\"(max-width: 2048px) 100vw, 2048px\" \/><\/p><\/div>\n<p><!-- .dslc-image -->\n\t\t<\/div>\n<\/p><\/div>\n<p><!-- .dslc-module -->\n\t\t<\/div>\n<\/div>\n<\/div>\n<div  class=\"dslc-modules-section \" style=\"padding-bottom:20px;padding-top:20px;\" data-section-id=\"e3a18b349ab\">\n<div class=\"dslc-modules-section-wrapper dslc-clearfix\">\n<style type=\"text\/css\" id=\"dslca-modules-area-\"><\/style>\n<div  class=\"dslc-modules-area dslc-col dslc-12-col dslc-last-col dslc-valign- \" data-size=\"12\" data-valign=\"\" data-modules-area-id=\"\" >\n<div id=\"dslc-module-856b37ce2ec\" class=\"dslc-module-front dslc-module-DSLC_Text_Simple dslc-in-viewport-check dslc-in-viewport-anim-none  dslc-col dslc-12-col dslc-last-col  dslc-module-handle-like-regular \" data-module-id=\"856b37ce2ec\" data-module=\"DSLC_Text_Simple\" data-dslc-module-size=\"12\" data-dslc-anim=\"none\" data-dslc-anim-delay=\"\" data-dslc-anim-duration=\"650\"  data-dslc-anim-easing=\"ease\" data-dslc-preset=\"none\" >\n<div class=\"dslc-text-module-content\">\n<p>UdiGitalEdu, birbiriyle ba\u011flant\u0131l\u0131 alt\u0131 konuyu tan\u0131tarak Yarat\u0131c\u0131 Teknolojiler kavram\u0131n\u0131, ana fikirlerini ve bunlardan kaynaklanan y\u00f6ntemleri a\u00e7\u0131klayan bir \u00f6zet olu\u015fturdu: Yap\u0131c\u0131l\u0131k, Yap\u0131mc\u0131 E\u011fitimi, Hesaplamal\u0131 D\u00fc\u015f\u00fcnme, Yarat\u0131c\u0131 Bilgi \u0130\u015flem, STEAM ve Tamircilik.<\/p>\n<\/p><\/div>\n<\/p><\/div>\n<p><!-- .dslc-module --><\/p>\n<div id=\"dslc-module-837cd1f6071\" class=\"dslc-module-front dslc-module-DSLC_Downloads dslc-in-viewport-check dslc-in-viewport-anim-none  dslc-col dslc-12-col dslc-last-col  dslc-module-handle-like-regular \" data-module-id=\"837cd1f6071\" data-module=\"DSLC_Downloads\" data-dslc-module-size=\"12\" data-dslc-anim=\"none\" data-dslc-anim-delay=\"\" data-dslc-anim-duration=\"650\"  data-dslc-anim-easing=\"ease\" data-dslc-preset=\"none\" >\n<div class=\"dslc-posts dslc-downloads dslc-clearfix dslc-posts-orientation-vertical dslc-init-grid \">\r\n\t\t\t\r\n\t\t\t\r\n\t\t<div class=\"dslc-posts-inner\">\r\n\t<div class=\"dslc-post dslc-download dslc-col dslc-4-col  dslc-first-col dslc-post-no-thumb\" data-cats=\"\">\r\n\r\n\t\r\n\t\t\t\t\t\t\t\r\n\t\t\t\t\t\t\t\t<div class=\"dslc-post-main dslc-download-main\">\r\n\r\n\t\t\t\t\t\t\t\t\t\r\n\t\t\t\t\t\t\t\t\t\r\n\t\t\t\t\t\t\t\t\t\r\n\t\t\t\t\t\t\t\t\t\r\n\t\t\t\t\t\t\t\t\t\t<div class=\"dslc-download-download\">\r\n\t\t\t\t\t\t\t\t\t\t\t<a target=\"_blank\" class=\"dslc-download-count-hook\" data-post-id=\"2260\" href=\"https:\/\/montessoritech.eu\/wp-content\/uploads\/2021\/05\/Creative-Technologies-Synopsis.pdf\" download>\r\n\t\t\t\t\t\t\t\t\t\t\t\t\t\t\t\t\t\t\t\t\t\t\t\t\t<span class=\"dslc-icon dslc-icon-download-alt\"><\/span>\t\r\n\t\t\t\t\t\t\t\t\t\t\t\t\t\t\t\t\t\t\t\t\t\t\t\tPDF\t\t\t\t\t\t\t\t\t\t\t<\/a>\r\n\t\t\t\t\t\t\t\t\t\t<\/div><!-- .dslc-download-download -->\r\n\r\n\t\t\t\t\t\t\t\t\t\r\n\t\t\t\t\t\t\t\t\t\r\n\t\t\t\t\t\t\t\t<\/div><!-- .dslc-download-main -->\r\n\r\n\t\t\t\t\t\t\t\r\n\t\t\t\t\t\t<\/div><!-- .dslc-download -->\r\n\r\n\t\t\t\t\t\t<\/div><!-- .dslc-posts-inner -->\r\n\t\t\t\r\n\t\t\t\r\n\t<\/div><\/div>\n<p><!-- .dslc-module -->\n\t\t<\/div>\n<\/div>\n<\/div>\n<\/div>\n<\/div>\n<\/div><\/div>","protected":false},"excerpt":{"rendered":"<p>UdiGitalEdu, birbiriyle ba\u011flant\u0131l\u0131 alt\u0131 konuyu tan\u0131tarak Yarat\u0131c\u0131 Teknolojiler kavram\u0131n\u0131, ana fikirlerini ve bunlardan kaynaklanan y\u00f6ntemleri a\u00e7\u0131klayan bir \u00f6zet olu\u015fturdu: Yap\u0131c\u0131l\u0131k, Yap\u0131mc\u0131 E\u011fitimi, Hesaplamal\u0131 D\u00fc\u015f\u00fcnme, Yarat\u0131c\u0131 Bilgi \u0130\u015flem, STEAM ve Tamircilik.<\/p>\n","protected":false},"author":1,"featured_media":0,"parent":2593,"menu_order":2,"comment_status":"closed","ping_status":"closed","template":"page-templates\/page_fullwidth.php","meta":[],"_links":{"self":[{"href":"https:\/\/montessoritech.eu\/tr\/wp-json\/wp\/v2\/pages\/2597"}],"collection":[{"href":"https:\/\/montessoritech.eu\/tr\/wp-json\/wp\/v2\/pages"}],"about":[{"href":"https:\/\/montessoritech.eu\/tr\/wp-json\/wp\/v2\/types\/page"}],"author":[{"embeddable":true,"href":"https:\/\/montessoritech.eu\/tr\/wp-json\/wp\/v2\/users\/1"}],"replies":[{"embeddable":true,"href":"https:\/\/montessoritech.eu\/tr\/wp-json\/wp\/v2\/comments?post=2597"}],"version-history":[{"count":1,"href":"https:\/\/montessoritech.eu\/tr\/wp-json\/wp\/v2\/pages\/2597\/revisions"}],"predecessor-version":[{"id":2598,"href":"https:\/\/montessoritech.eu\/tr\/wp-json\/wp\/v2\/pages\/2597\/revisions\/2598"}],"up":[{"embeddable":true,"href":"https:\/\/montessoritech.eu\/tr\/wp-json\/wp\/v2\/pages\/2593"}],"wp:attachment":[{"href":"https:\/\/montessoritech.eu\/tr\/wp-json\/wp\/v2\/media?parent=2597"}],"curies":[{"name":"wp","href":"https:\/\/api.w.org\/{rel}","templated":true}]}}