{"id":2595,"date":"2021-12-10T12:54:22","date_gmt":"2021-12-10T12:54:22","guid":{"rendered":"https:\/\/montessoritech.eu\/?page_id=2595"},"modified":"2021-12-10T12:54:26","modified_gmt":"2021-12-10T12:54:26","slug":"montessori-yontemi","status":"publish","type":"page","link":"https:\/\/montessoritech.eu\/tr\/yontemler\/montessori-yontemi\/","title":{"rendered":"Montessori y\u00f6ntemi"},"content":{"rendered":"<div id=\"dslc-theme-content\"><div id=\"dslc-theme-content-inner\"><div id=\"dslc-content\" class=\"dslc-content dslc-clearfix\">\n<div id=\"dslc-main\">\n<div  class=\"dslc-modules-section \" style=\"padding-bottom:20px;padding-top:20px;\" data-section-id=\"2dd82d15e45\">\n<div class=\"dslc-modules-section-wrapper dslc-clearfix\">\n<style type=\"text\/css\" id=\"dslca-modules-area-\"><\/style>\n<div  class=\"dslc-modules-area dslc-col dslc-12-col dslc-last-col dslc-valign- \" data-size=\"12\" data-valign=\"\" data-modules-area-id=\"\" >\n<div id=\"dslc-module-2623d27280a\" class=\"dslc-module-front dslc-module-DSLC_Image dslc-in-viewport-check dslc-in-viewport-anim-none  dslc-col dslc-12-col dslc-last-col  dslc-module-handle-like-regular \" data-module-id=\"2623d27280a\" data-module=\"DSLC_Image\" data-dslc-module-size=\"12\" data-dslc-anim=\"none\" data-dslc-anim-delay=\"\" data-dslc-anim-duration=\"650\"  data-dslc-anim-easing=\"ease\" data-dslc-preset=\"none\" >\n<div class=\"dslc-image-container\">\n<div class=\"dslc-image\">\n<p>\t\t\t\t\t\t\t\t\t<img decoding=\"async\" src=\"https:\/\/montessoritech.eu\/wp-content\/uploads\/2022\/02\/IMG_20220202_154719-scaled.jpg\" alt=\"\" title=\"\" srcset=\"https:\/\/montessoritech.eu\/wp-content\/uploads\/2022\/02\/IMG_20220202_154719-scaled.jpg 2560w, https:\/\/montessoritech.eu\/wp-content\/uploads\/2022\/02\/IMG_20220202_154719-300x162.jpg 300w, https:\/\/montessoritech.eu\/wp-content\/uploads\/2022\/02\/IMG_20220202_154719-1024x552.jpg 1024w, https:\/\/montessoritech.eu\/wp-content\/uploads\/2022\/02\/IMG_20220202_154719-768x414.jpg 768w, https:\/\/montessoritech.eu\/wp-content\/uploads\/2022\/02\/IMG_20220202_154719-1536x828.jpg 1536w, https:\/\/montessoritech.eu\/wp-content\/uploads\/2022\/02\/IMG_20220202_154719-2048x1104.jpg 2048w, https:\/\/montessoritech.eu\/wp-content\/uploads\/2022\/02\/IMG_20220202_154719-660x356.jpg 660w, https:\/\/montessoritech.eu\/wp-content\/uploads\/2022\/02\/IMG_20220202_154719-450x243.jpg 450w\" sizes=\"(max-width: 2560px) 100vw, 2560px\" \/><\/p><\/div>\n<p><!-- .dslc-image -->\n\t\t<\/div>\n<\/p><\/div>\n<p><!-- .dslc-module -->\n\t\t<\/div>\n<\/div>\n<\/div>\n<div  class=\"dslc-modules-section \" style=\"padding-bottom:20px;padding-top:20px;\" data-section-id=\"4e021ee3347\">\n<div class=\"dslc-modules-section-wrapper dslc-clearfix\">\n<style type=\"text\/css\" id=\"dslca-modules-area-\"><\/style>\n<div  class=\"dslc-modules-area dslc-col dslc-12-col dslc-last-col dslc-valign-middle \" data-size=\"12\" data-valign=\"middle\" data-modules-area-id=\"\" >\n<div id=\"dslc-module-a2b452e4714\" class=\"dslc-module-front dslc-module-DSLC_Text_Simple dslc-in-viewport-check dslc-in-viewport-anim-none  dslc-col dslc-12-col dslc-last-col  dslc-module-handle-like-regular \" data-module-id=\"a2b452e4714\" data-module=\"DSLC_Text_Simple\" data-dslc-module-size=\"12\" data-dslc-anim=\"none\" data-dslc-anim-delay=\"\" data-dslc-anim-duration=\"650\"  data-dslc-anim-easing=\"ease\" data-dslc-preset=\"none\" >\n<div class=\"dslc-text-module-content\">\n<p>Montessori Palau International Research and Training ve Waterpark Montessori, Montessori y\u00f6nteminin k\u00f6kenlerini, ana fikir ve ilkelerini \u00f6zetleyen ve baz\u0131 vaka \u00e7al\u0131\u015fmalar\u0131n\u0131 g\u00f6steren bir \u00f6zet olu\u015fturdu.<\/p>\n<\/p><\/div>\n<\/p><\/div>\n<p><!-- .dslc-module --><\/p>\n<div id=\"dslc-module-c80205effc0\" class=\"dslc-module-front dslc-module-DSLC_Downloads dslc-in-viewport-check dslc-in-viewport-anim-none  dslc-col dslc-12-col dslc-last-col  dslc-module-handle-like-regular \" data-module-id=\"c80205effc0\" data-module=\"DSLC_Downloads\" data-dslc-module-size=\"12\" data-dslc-anim=\"none\" data-dslc-anim-delay=\"\" data-dslc-anim-duration=\"650\"  data-dslc-anim-easing=\"ease\" data-dslc-preset=\"none\" >\n<div class=\"dslc-posts dslc-downloads dslc-clearfix dslc-posts-orientation-vertical dslc-init-grid \">\r\n\t\t\t\r\n\t\t\t\r\n\t\t<div class=\"dslc-posts-inner\">\r\n\t<div class=\"dslc-post dslc-download dslc-col dslc-4-col  dslc-first-col dslc-post-no-thumb\" data-cats=\"\">\r\n\r\n\t\r\n\t\t\t\t\t\t\t\r\n\t\t\t\t\t\t\t\t<div class=\"dslc-post-main dslc-download-main\">\r\n\r\n\t\t\t\t\t\t\t\t\t\r\n\t\t\t\t\t\t\t\t\t\r\n\t\t\t\t\t\t\t\t\t\t\r\n\t\t\t\t\t\t\t\t\t\r\n\t\t\t\t\t\t\t\t\t\r\n\t\t\t\t\t\t\t\t\t\r\n\t\t\t\t\t\t\t\t\t\t<div class=\"dslc-download-download\">\r\n\t\t\t\t\t\t\t\t\t\t\t<a target=\"_blank\" class=\"dslc-download-count-hook\" data-post-id=\"2259\" href=\"https:\/\/montessoritech.eu\/wp-content\/uploads\/2021\/05\/Montessori-Method-Synopsis.pdf\" download>\r\n\t\t\t\t\t\t\t\t\t\t\t\t\t\t\t\t\t\t\t\t\t\t\t\t\t<span class=\"dslc-icon dslc-icon-download-alt\"><\/span>\t\r\n\t\t\t\t\t\t\t\t\t\t\t\t\t\t\t\t\t\t\t\t\t\t\t\tPDF\t\t\t\t\t\t\t\t\t\t\t<\/a>\r\n\t\t\t\t\t\t\t\t\t\t<\/div><!-- .dslc-download-download -->\r\n\r\n\t\t\t\t\t\t\t\t\t\r\n\t\t\t\t\t\t\t\t\t\r\n\t\t\t\t\t\t\t\t<\/div><!-- .dslc-download-main -->\r\n\r\n\t\t\t\t\t\t\t\r\n\t\t\t\t\t\t<\/div><!-- .dslc-download -->\r\n\r\n\t\t\t\t\t\t<\/div><!-- .dslc-posts-inner -->\r\n\t\t\t\r\n\t\t\t\r\n\t<\/div><\/div>\n<p><!-- .dslc-module -->\n\t\t<\/div>\n<\/div>\n<\/div>\n<\/div>\n<\/div>\n<\/div><\/div>","protected":false},"excerpt":{"rendered":"<p>Montessori Palau International Research and Training ve Waterpark Montessori, Montessori y\u00f6nteminin k\u00f6kenlerini, ana fikir ve ilkelerini \u00f6zetleyen ve baz\u0131 vaka \u00e7al\u0131\u015fmalar\u0131n\u0131 g\u00f6steren bir \u00f6zet olu\u015fturdu.<\/p>\n","protected":false},"author":1,"featured_media":0,"parent":2593,"menu_order":1,"comment_status":"closed","ping_status":"closed","template":"page-templates\/page_fullwidth.php","meta":[],"_links":{"self":[{"href":"https:\/\/montessoritech.eu\/tr\/wp-json\/wp\/v2\/pages\/2595"}],"collection":[{"href":"https:\/\/montessoritech.eu\/tr\/wp-json\/wp\/v2\/pages"}],"about":[{"href":"https:\/\/montessoritech.eu\/tr\/wp-json\/wp\/v2\/types\/page"}],"author":[{"embeddable":true,"href":"https:\/\/montessoritech.eu\/tr\/wp-json\/wp\/v2\/users\/1"}],"replies":[{"embeddable":true,"href":"https:\/\/montessoritech.eu\/tr\/wp-json\/wp\/v2\/comments?post=2595"}],"version-history":[{"count":1,"href":"https:\/\/montessoritech.eu\/tr\/wp-json\/wp\/v2\/pages\/2595\/revisions"}],"predecessor-version":[{"id":2596,"href":"https:\/\/montessoritech.eu\/tr\/wp-json\/wp\/v2\/pages\/2595\/revisions\/2596"}],"up":[{"embeddable":true,"href":"https:\/\/montessoritech.eu\/tr\/wp-json\/wp\/v2\/pages\/2593"}],"wp:attachment":[{"href":"https:\/\/montessoritech.eu\/tr\/wp-json\/wp\/v2\/media?parent=2595"}],"curies":[{"name":"wp","href":"https:\/\/api.w.org\/{rel}","templated":true}]}}