{"id":2372,"date":"2021-03-05T11:03:28","date_gmt":"2021-03-05T11:03:28","guid":{"rendered":"https:\/\/montessoritech.eu\/about"},"modified":"2021-12-10T12:52:22","modified_gmt":"2021-12-10T12:52:22","slug":"hakkinda","status":"publish","type":"page","link":"https:\/\/montessoritech.eu\/tr\/hakkinda\/","title":{"rendered":"HAKKINDA"},"content":{"rendered":"<div id=\"dslc-content\" class=\"dslc-content dslc-clearfix\"><div id=\"dslc-main\">\r\n\t\t\t<div  class=\"dslc-modules-section \" style=\"padding-top:20px;padding-bottom:20px;\" data-section-id=\"71556684bf7\">\r\n\t\t\t\t\r\n\t\t\t\t\r\n\t\t\t\t<div class=\"dslc-modules-section-wrapper dslc-clearfix\"><style type=\"text\/css\" id=\"dslca-modules-area-\"><\/style><div  class=\"dslc-modules-area dslc-col dslc-12-col dslc-last-col dslc-valign- \" data-size=\"12\" data-valign=\"\" data-modules-area-id=\"\" >\r\n\t\t<div id=\"dslc-module-6b6719b33af\" class=\"dslc-module-front dslc-module-DSLC_Text_Simple dslc-in-viewport-check dslc-in-viewport-anim-none  dslc-col dslc-12-col dslc-last-col  dslc-module-handle-like-regular \" data-module-id=\"6b6719b33af\" data-module=\"DSLC_Text_Simple\" data-dslc-module-size=\"12\" data-dslc-anim=\"none\" data-dslc-anim-delay=\"\" data-dslc-anim-duration=\"650\"  data-dslc-anim-easing=\"ease\" data-dslc-preset=\"none\" >\r\n\r\n\t\t\t\r\n\t\t\t\r\n\t\t\n\t\t<div class=\"dslc-text-module-content\">\n\t\t\t<h3>Projenin genel fikri<\/h3><p><strong>MonTech <\/strong>projesi,<strong> Montessori y\u00f6ntemini en yeni Maker Education \u00f6\u011frenme deneyimleriyle harmanlayan <\/strong>yeni bir yakla\u015f\u0131ma dayal\u0131 son derece yenilik\u00e7i ve ilgi \u00e7ekici etkinlikler arac\u0131l\u0131\u011f\u0131yla Avrupa genelinde \u00e7ok k\u00fclt\u00fcrl\u00fc okullarda sosyal i\u00e7ermeyi ve e\u015fitli\u011fi te\u015fvik edecektir.<\/p><p>Buradaki fikir, <strong>iyi test edilmi\u015f geleneksel bir y\u00f6ntemden (Montessori) ba\u015flayan ve Montessori'yi \u00e7ok k\u00fclt\u00fcrl\u00fc okullar\u0131n<\/strong> (\u00f6nemli say\u0131da m\u00fclteci\/g\u00f6\u00e7men\/az\u0131nl\u0131k ge\u00e7mi\u015fine sahip \u00e7ocuklar\u0131n bulundu\u011fu okullar) yeni ba\u011flam\u0131na uyarlaman\u0131n \u00e7ifte amac\u0131 ile EdTech metodolojilerini<strong> (Maker E\u011fitimi ve Yarat\u0131c\u0131 Bilgi \u0130\u015flem) ekleyen yeni bir yakla\u015f\u0131m <\/strong>tasarlamak ve bunu az say\u0131da ekonomik kayna\u011fa sahip okullar i\u00e7in modern ancak uygun fiyatl\u0131 dijital ara\u00e7lar\/y\u00f6ntemlerle g\u00fcncellemektir.<\/p>\t\t<\/div>\n\n\t\t\r\n\t\t\t\t<\/div><!-- .dslc-module -->\r\n\t\t<\/div><\/div><\/div>\r\n\t\t\t<div  class=\"dslc-modules-section \" style=\"padding-top:20px;padding-bottom:20px;background-color:#9d34ee;\" data-section-id=\"06b4a51edb7\">\r\n\t\t\t\t\r\n\t\t\t\t\r\n\t\t\t\t<div class=\"dslc-modules-section-wrapper dslc-clearfix\"><style type=\"text\/css\" id=\"dslca-modules-area-\"><\/style><div  class=\"dslc-modules-area dslc-col dslc-12-col dslc-last-col dslc-valign- \" data-size=\"12\" data-valign=\"\" data-modules-area-id=\"\" >\r\n\t\t<div id=\"dslc-module-af82f6c03b7\" class=\"dslc-module-front dslc-module-DSLC_Text_Simple dslc-in-viewport-check dslc-in-viewport-anim-none  dslc-col dslc-12-col dslc-last-col  dslc-module-handle-like-regular \" data-module-id=\"af82f6c03b7\" data-module=\"DSLC_Text_Simple\" data-dslc-module-size=\"12\" data-dslc-anim=\"none\" data-dslc-anim-delay=\"\" data-dslc-anim-duration=\"650\"  data-dslc-anim-easing=\"ease\" data-dslc-preset=\"none\" >\r\n\r\n\t\t\t\r\n\t\t\t\r\n\t\t\n\t\t<div class=\"dslc-text-module-content\">\n\t\t\t<h3>Hedefler<\/h3><p><strong>Bu projenin temel amac\u0131, <\/strong>m\u00fclteci\/g\u00f6\u00e7men veya az\u0131nl\u0131k ge\u00e7mi\u015fine sahip \u00e7ocuklar\u0131n okul ortamlar\u0131na sosyal olarak dahil edilmesini kolayla\u015ft\u0131rmakt\u0131r.<\/p><p><strong>Projenin ilk \u00f6zel amac\u0131, <\/strong>\u00e7ok k\u00fclt\u00fcrl\u00fc okullarda \u00f6\u011fretmenlik yapan \u00f6\u011fretmen ve e\u011fitimcilerin s\u0131n\u0131flar\u0131nda yarat\u0131c\u0131 \u00f6\u011frenme y\u00f6ntemlerini uygulayarak e\u011fitim performanslar\u0131n\u0131 etkili bir \u015fekilde art\u0131rmalar\u0131n\u0131 desteklemektir.<\/p><p><strong>\u0130kinci \u00f6zel hedef ise <\/strong>bu \u00e7ocuklar\u0131n e\u011fitim performanslar\u0131n\u0131n \u00f6l\u00e7\u00fclebilir \u015fekilde artmas\u0131d\u0131r.<\/p>\t\t<\/div>\n\n\t\t\r\n\t\t\t\t<\/div><!-- .dslc-module -->\r\n\t\t<\/div><\/div><\/div>\r\n\t\t\t<div  class=\"dslc-modules-section \" style=\"padding-top:20px;padding-bottom:20px;background-color:#55bd32;\" data-section-id=\"d669a6900b7\">\r\n\t\t\t\t\r\n\t\t\t\t\r\n\t\t\t\t<div class=\"dslc-modules-section-wrapper dslc-clearfix\"><style type=\"text\/css\" id=\"dslca-modules-area-\"><\/style><div  class=\"dslc-modules-area dslc-col dslc-12-col dslc-last-col dslc-valign- \" data-size=\"12\" data-valign=\"\" data-modules-area-id=\"\" >\r\n\t\t<div id=\"dslc-module-191436b5c4f\" class=\"dslc-module-front dslc-module-DSLC_Text_Simple dslc-in-viewport-check dslc-in-viewport-anim-none  dslc-col dslc-12-col dslc-last-col  dslc-module-handle-like-regular \" data-module-id=\"191436b5c4f\" data-module=\"DSLC_Text_Simple\" data-dslc-module-size=\"12\" data-dslc-anim=\"none\" data-dslc-anim-delay=\"\" data-dslc-anim-duration=\"650\"  data-dslc-anim-easing=\"ease\" data-dslc-preset=\"none\" >\r\n\r\n\t\t\t\r\n\t\t\t\r\n\t\t\n\t\t<div class=\"dslc-text-module-content\">\n\t\t\t<h3>Ana hedefler<\/h3><p><strong>Avrupa'daki ilkokullarda okuyan m\u00fclteci\/g\u00f6\u00e7men veya az\u0131nl\u0131k k\u00f6kenli \u00e7ocuklar <\/strong>ve bu \u00e7ocuklar\u0131n devam etti\u011fi <strong>\u00e7ok k\u00fclt\u00fcrl\u00fc okullarda \u00f6\u011fretmenlik yapan \u00f6\u011fretmenler <\/strong>ana hedeflerimizdir.<\/p><p>\u00a0<\/p>\t\t<\/div>\n\n\t\t\r\n\t\t\t\t<\/div><!-- .dslc-module -->\r\n\t\t<\/div><\/div><\/div><\/div><\/div>","protected":false},"excerpt":{"rendered":"<p>Projenin genel fikriMonTech projesi, Montessori y\u00f6ntemini en yeni Maker Education \u00f6\u011frenme deneyimleriyle harmanlayan yeni bir yakla\u015f\u0131ma dayal\u0131 son derece yenilik\u00e7i ve ilgi \u00e7ekici etkinlikler arac\u0131l\u0131\u011f\u0131yla Avrupa genelinde \u00e7ok k\u00fclt\u00fcrl\u00fc okullarda [&hellip;]<\/p>\n","protected":false},"author":1,"featured_media":0,"parent":0,"menu_order":0,"comment_status":"closed","ping_status":"closed","template":"page-templates\/page_fullwidth.php","meta":[],"_links":{"self":[{"href":"https:\/\/montessoritech.eu\/tr\/wp-json\/wp\/v2\/pages\/2372"}],"collection":[{"href":"https:\/\/montessoritech.eu\/tr\/wp-json\/wp\/v2\/pages"}],"about":[{"href":"https:\/\/montessoritech.eu\/tr\/wp-json\/wp\/v2\/types\/page"}],"author":[{"embeddable":true,"href":"https:\/\/montessoritech.eu\/tr\/wp-json\/wp\/v2\/users\/1"}],"replies":[{"embeddable":true,"href":"https:\/\/montessoritech.eu\/tr\/wp-json\/wp\/v2\/comments?post=2372"}],"version-history":[{"count":2,"href":"https:\/\/montessoritech.eu\/tr\/wp-json\/wp\/v2\/pages\/2372\/revisions"}],"predecessor-version":[{"id":2586,"href":"https:\/\/montessoritech.eu\/tr\/wp-json\/wp\/v2\/pages\/2372\/revisions\/2586"}],"wp:attachment":[{"href":"https:\/\/montessoritech.eu\/tr\/wp-json\/wp\/v2\/media?parent=2372"}],"curies":[{"name":"wp","href":"https:\/\/api.w.org\/{rel}","templated":true}]}}