{"id":2944,"date":"2022-08-31T09:17:44","date_gmt":"2022-08-31T09:17:44","guid":{"rendered":"https:\/\/montessoritech.eu\/?page_id=2944"},"modified":"2022-08-31T09:23:10","modified_gmt":"2022-08-31T09:23:10","slug":"ghidul-montech","status":"publish","type":"page","link":"https:\/\/montessoritech.eu\/ro\/ghidul-montech\/","title":{"rendered":"Ghidul Montech"},"content":{"rendered":"<div id=\"dslc-content\" class=\"dslc-content dslc-clearfix\"><div id=\"dslc-main\">\r\n\t\t\t<div  class=\"dslc-modules-section \" style=\"padding-top:40px;padding-bottom:40px;\" data-section-id=\"ab553856afd\">\r\n\t\t\t\t\r\n\t\t\t\t\r\n\t\t\t\t<div class=\"dslc-modules-section-wrapper dslc-clearfix\"><style type=\"text\/css\" id=\"dslca-modules-area-\"><\/style><div  class=\"dslc-modules-area dslc-col dslc-12-col dslc-last-col dslc-valign- \" data-size=\"12\" data-valign=\"\" data-modules-area-id=\"\" >\r\n\t\t<div id=\"dslc-module-b27dbfb0b35\" class=\"dslc-module-front dslc-module-DSLC_Text_Simple dslc-in-viewport-check dslc-in-viewport-anim-none  dslc-col dslc-12-col dslc-last-col  dslc-module-handle-like-regular \" data-module-id=\"b27dbfb0b35\" data-module=\"DSLC_Text_Simple\" data-dslc-module-size=\"12\" data-dslc-anim=\"none\" data-dslc-anim-delay=\"\" data-dslc-anim-duration=\"650\"  data-dslc-anim-easing=\"ease\" data-dslc-preset=\"none\" >\r\n\r\n\t\t\t\r\n\t\t\t\r\n\t\t\n\t\t<div class=\"dslc-text-module-content\">\n\t\t\t<p>Ghidul MonTech este co-proiectat de c\u0103tre exper\u021bii Montessori \u0219i Creative Technologies ai consor\u021biului. \u00cen plus, prima sa versiune a fost testat\u0103 \u00een \u0219coli multiculturale din toate \u021b\u0103rile partenere, iar profesorii acestora au oferit feedback pe baza experien\u021belor lor pentru a elabora versiunea final\u0103. Drept urmare, ghidul unui profesor de \u0219coal\u0103 primar\u0103 puternic influen\u021bat de principiile Montessori \u0219i de culturile lumii, care adun\u0103 activit\u0103\u021bi practice de Tehnologii creative centrate pe Scratch \u0219i inter-curriculare.<\/p>\t\t<\/div>\n\n\t\t\r\n\t\t\t\t<\/div><!-- .dslc-module -->\r\n\t\t<\/div><\/div><\/div>\r\n\t\t\t<div  class=\"dslc-modules-section \" style=\"padding-top:0px;padding-bottom:0px;background-color:#daccf9;\" data-section-id=\"39d2fe4a4d3\">\r\n\t\t\t\t\r\n\t\t\t\t\r\n\t\t\t\t<div class=\"dslc-modules-section-wrapper dslc-clearfix\"><\/div><\/div>\r\n\t\t\t<div  class=\"dslc-modules-section \" style=\"padding-top:20px;padding-bottom:20px;\" data-section-id=\"7758ca16825\">\r\n\t\t\t\t\r\n\t\t\t\t\r\n\t\t\t\t<div class=\"dslc-modules-section-wrapper dslc-clearfix\"><style type=\"text\/css\" id=\"dslca-modules-area-\"><\/style><div  class=\"dslc-modules-area dslc-col dslc-12-col dslc-last-col dslc-valign- \" data-size=\"12\" data-valign=\"\" data-modules-area-id=\"\" >\r\n\t\t<div id=\"dslc-module-4fc10a1761a\" class=\"dslc-module-front dslc-module-DSLC_Shortcode dslc-in-viewport-check dslc-in-viewport-anim-none  dslc-col dslc-8-col  dslc-module-handle-like-regular \" data-module-id=\"4fc10a1761a\" data-module=\"DSLC_Shortcode\" data-dslc-module-size=\"8\" data-dslc-anim=\"none\" data-dslc-anim-delay=\"\" data-dslc-anim-duration=\"650\"  data-dslc-anim-easing=\"ease\" data-dslc-preset=\"none\" >\r\n\r\n\t\t\t\r\n\t\t\t\r\n\t\t\t\t<div class=\"dslc-module-shortcode\">\n\t\t\t<div class='w3eden'><!-- WPDM Link Template: Default Template -->\n\n<div class=\"link-template-default card mb-2\">\n    <div class=\"card-body\">\n        <div class=\"media\">\n            <div class=\"mr-3 img-48\"><img class=\"wpdm_icon\" alt=\"Icon\"   src=\"https:\/\/montessoritech.eu\/wp-content\/plugins\/download-manager\/assets\/file-type-icons\/pdf.svg\" \/><\/div>\n            <div class=\"media-body\">\n                <h3 class=\"package-title\"><a href='https:\/\/montessoritech.eu\/ro\/download\/ghidul-profesorului-de-scoala-primara\/'>Ghidul profesorului de \u0219coal\u0103 primar\u0103<\/a><\/h3>\n                <div class=\"text-muted text-small\"><i class=\"fas fa-copy\"><\/i> 1 file(s) <i class=\"fas fa-hdd ml-3\"><\/i> 7 MB<\/div>\n            <\/div>\n            <div class=\"ml-3\">\n                <a class='wpdm-download-link download-on-click btn btn-primary ' rel='nofollow' href='#' data-downloadurl=\"https:\/\/montessoritech.eu\/ro\/download\/ghidul-profesorului-de-scoala-primara\/?wpdmdl=3005&refresh=69d78574bfb181775732084\">Download<\/a>\n            <\/div>\n        <\/div>\n    <\/div>\n<\/div>\n\n<\/div>\t\t<\/div>\n\t\t\r\n\t\t\t\t<\/div><!-- .dslc-module -->\r\n\t\t<\/div><\/div><\/div><\/div><\/div>","protected":false},"excerpt":{"rendered":"<p>Ghidul MonTech este co-proiectat de c\u0103tre exper\u021bii Montessori \u0219i Creative Technologies ai consor\u021biului. \u00cen plus, prima sa versiune a fost testat\u0103 \u00een \u0219coli multiculturale din toate \u021b\u0103rile partenere, iar profesorii [&hellip;]<\/p>\n","protected":false},"author":1,"featured_media":0,"parent":0,"menu_order":0,"comment_status":"closed","ping_status":"closed","template":"page-templates\/page_fullwidth.php","meta":[],"_links":{"self":[{"href":"https:\/\/montessoritech.eu\/ro\/wp-json\/wp\/v2\/pages\/2944"}],"collection":[{"href":"https:\/\/montessoritech.eu\/ro\/wp-json\/wp\/v2\/pages"}],"about":[{"href":"https:\/\/montessoritech.eu\/ro\/wp-json\/wp\/v2\/types\/page"}],"author":[{"embeddable":true,"href":"https:\/\/montessoritech.eu\/ro\/wp-json\/wp\/v2\/users\/1"}],"replies":[{"embeddable":true,"href":"https:\/\/montessoritech.eu\/ro\/wp-json\/wp\/v2\/comments?post=2944"}],"version-history":[{"count":8,"href":"https:\/\/montessoritech.eu\/ro\/wp-json\/wp\/v2\/pages\/2944\/revisions"}],"predecessor-version":[{"id":2952,"href":"https:\/\/montessoritech.eu\/ro\/wp-json\/wp\/v2\/pages\/2944\/revisions\/2952"}],"wp:attachment":[{"href":"https:\/\/montessoritech.eu\/ro\/wp-json\/wp\/v2\/media?parent=2944"}],"curies":[{"name":"wp","href":"https:\/\/api.w.org\/{rel}","templated":true}]}}