{"id":2564,"date":"2021-12-09T14:05:44","date_gmt":"2021-12-09T14:05:44","guid":{"rendered":"https:\/\/montessoritech.eu\/?page_id=2564"},"modified":"2021-12-09T14:05:47","modified_gmt":"2021-12-09T14:05:47","slug":"metoda-montessori","status":"publish","type":"page","link":"https:\/\/montessoritech.eu\/ro\/metode\/metoda-montessori\/","title":{"rendered":"Metoda Montessori"},"content":{"rendered":"<div id=\"dslc-theme-content\"><div id=\"dslc-theme-content-inner\"><div id=\"dslc-content\" class=\"dslc-content dslc-clearfix\">\n<div id=\"dslc-main\">\n<div  class=\"dslc-modules-section \" style=\"padding-bottom:20px;padding-top:20px;\" data-section-id=\"bdb73a454e0\">\n<div class=\"dslc-modules-section-wrapper dslc-clearfix\">\n<style type=\"text\/css\" id=\"dslca-modules-area-\"><\/style>\n<div  class=\"dslc-modules-area dslc-col dslc-12-col dslc-last-col dslc-valign- \" data-size=\"12\" data-valign=\"\" data-modules-area-id=\"\" >\n<div id=\"dslc-module-267eaab4649\" class=\"dslc-module-front dslc-module-DSLC_Image dslc-in-viewport-check dslc-in-viewport-anim-none  dslc-col dslc-12-col dslc-last-col  dslc-module-handle-like-regular \" data-module-id=\"267eaab4649\" data-module=\"DSLC_Image\" data-dslc-module-size=\"12\" data-dslc-anim=\"none\" data-dslc-anim-delay=\"\" data-dslc-anim-duration=\"650\"  data-dslc-anim-easing=\"ease\" data-dslc-preset=\"none\" >\n<div class=\"dslc-image-container\">\n<div class=\"dslc-image\">\n<p>\t\t\t\t\t\t\t\t\t<img decoding=\"async\" src=\"https:\/\/montessoritech.eu\/wp-content\/uploads\/2022\/02\/IMG_20220202_154719-scaled.jpg\" alt=\"\" title=\"\" srcset=\"https:\/\/montessoritech.eu\/wp-content\/uploads\/2022\/02\/IMG_20220202_154719-scaled.jpg 2560w, https:\/\/montessoritech.eu\/wp-content\/uploads\/2022\/02\/IMG_20220202_154719-300x162.jpg 300w, https:\/\/montessoritech.eu\/wp-content\/uploads\/2022\/02\/IMG_20220202_154719-1024x552.jpg 1024w, https:\/\/montessoritech.eu\/wp-content\/uploads\/2022\/02\/IMG_20220202_154719-768x414.jpg 768w, https:\/\/montessoritech.eu\/wp-content\/uploads\/2022\/02\/IMG_20220202_154719-1536x828.jpg 1536w, https:\/\/montessoritech.eu\/wp-content\/uploads\/2022\/02\/IMG_20220202_154719-2048x1104.jpg 2048w, https:\/\/montessoritech.eu\/wp-content\/uploads\/2022\/02\/IMG_20220202_154719-660x356.jpg 660w, https:\/\/montessoritech.eu\/wp-content\/uploads\/2022\/02\/IMG_20220202_154719-450x243.jpg 450w\" sizes=\"(max-width: 2560px) 100vw, 2560px\" \/><\/p><\/div>\n<p><!-- .dslc-image -->\n\t\t<\/div>\n<\/p><\/div>\n<p><!-- .dslc-module -->\n\t\t<\/div>\n<\/div>\n<\/div>\n<div  class=\"dslc-modules-section \" style=\"padding-bottom:20px;padding-top:20px;\" data-section-id=\"04a69a7266f\">\n<div class=\"dslc-modules-section-wrapper dslc-clearfix\">\n<style type=\"text\/css\" id=\"dslca-modules-area-\"><\/style>\n<div  class=\"dslc-modules-area dslc-col dslc-12-col dslc-last-col dslc-valign-middle \" data-size=\"12\" data-valign=\"middle\" data-modules-area-id=\"\" >\n<div id=\"dslc-module-00350ee36d7\" class=\"dslc-module-front dslc-module-DSLC_Text_Simple dslc-in-viewport-check dslc-in-viewport-anim-none  dslc-col dslc-12-col dslc-last-col  dslc-module-handle-like-regular \" data-module-id=\"00350ee36d7\" data-module=\"DSLC_Text_Simple\" data-dslc-module-size=\"12\" data-dslc-anim=\"none\" data-dslc-anim-delay=\"\" data-dslc-anim-duration=\"650\"  data-dslc-anim-easing=\"ease\" data-dslc-preset=\"none\" >\n<div class=\"dslc-text-module-content\">\n<p>Centrul interna\u021bional de cercetare \u0219i formare Montessori Palau \u0219i Waterpark Montessori au creat o sintez\u0103 \u00een care rezum\u0103 originile metodei Montessori, ideile \u0219i principiile sale principale \u0219i prezint\u0103 c\u00e2teva studii de caz.<\/p>\n<\/p><\/div>\n<\/p><\/div>\n<p><!-- .dslc-module --><\/p>\n<div id=\"dslc-module-daa1e52b6c6\" class=\"dslc-module-front dslc-module-DSLC_Downloads dslc-in-viewport-check dslc-in-viewport-anim-none  dslc-col dslc-12-col dslc-last-col  dslc-module-handle-like-regular \" data-module-id=\"daa1e52b6c6\" data-module=\"DSLC_Downloads\" data-dslc-module-size=\"12\" data-dslc-anim=\"none\" data-dslc-anim-delay=\"\" data-dslc-anim-duration=\"650\"  data-dslc-anim-easing=\"ease\" data-dslc-preset=\"none\" >\n<div class=\"dslc-posts dslc-downloads dslc-clearfix dslc-posts-orientation-vertical dslc-init-grid \">\r\n\t\t\t\r\n\t\t\t\r\n\t\t<div class=\"dslc-posts-inner\">\r\n\t<div class=\"dslc-post dslc-download dslc-col dslc-4-col  dslc-first-col dslc-post-no-thumb\" data-cats=\"\">\r\n\r\n\t\r\n\t\t\t\t\t\t\t\r\n\t\t\t\t\t\t\t\t<div class=\"dslc-post-main dslc-download-main\">\r\n\r\n\t\t\t\t\t\t\t\t\t\r\n\t\t\t\t\t\t\t\t\t\r\n\t\t\t\t\t\t\t\t\t\t\r\n\t\t\t\t\t\t\t\t\t\r\n\t\t\t\t\t\t\t\t\t\r\n\t\t\t\t\t\t\t\t\t\r\n\t\t\t\t\t\t\t\t\t\t<div class=\"dslc-download-download\">\r\n\t\t\t\t\t\t\t\t\t\t\t<a target=\"_blank\" class=\"dslc-download-count-hook\" data-post-id=\"2259\" href=\"https:\/\/montessoritech.eu\/wp-content\/uploads\/2021\/05\/Montessori-Method-Synopsis.pdf\" download>\r\n\t\t\t\t\t\t\t\t\t\t\t\t\t\t\t\t\t\t\t\t\t\t\t\t\t<span class=\"dslc-icon dslc-icon-download-alt\"><\/span>\t\r\n\t\t\t\t\t\t\t\t\t\t\t\t\t\t\t\t\t\t\t\t\t\t\t\tPDF\t\t\t\t\t\t\t\t\t\t\t<\/a>\r\n\t\t\t\t\t\t\t\t\t\t<\/div><!-- .dslc-download-download -->\r\n\r\n\t\t\t\t\t\t\t\t\t\r\n\t\t\t\t\t\t\t\t\t\r\n\t\t\t\t\t\t\t\t<\/div><!-- .dslc-download-main -->\r\n\r\n\t\t\t\t\t\t\t\r\n\t\t\t\t\t\t<\/div><!-- .dslc-download -->\r\n\r\n\t\t\t\t\t\t<\/div><!-- .dslc-posts-inner -->\r\n\t\t\t\r\n\t\t\t\r\n\t<\/div><\/div>\n<p><!-- .dslc-module -->\n\t\t<\/div>\n<\/div>\n<\/div>\n<\/div>\n<\/div>\n<\/div><\/div>","protected":false},"excerpt":{"rendered":"<p>Centrul interna\u021bional de cercetare \u0219i formare Montessori Palau \u0219i Waterpark Montessori au creat o sintez\u0103 \u00een care rezum\u0103 originile metodei Montessori, ideile \u0219i principiile sale principale \u0219i prezint\u0103 c\u00e2teva studii [&hellip;]<\/p>\n","protected":false},"author":1,"featured_media":0,"parent":2558,"menu_order":1,"comment_status":"closed","ping_status":"closed","template":"page-templates\/page_fullwidth.php","meta":[],"_links":{"self":[{"href":"https:\/\/montessoritech.eu\/ro\/wp-json\/wp\/v2\/pages\/2564"}],"collection":[{"href":"https:\/\/montessoritech.eu\/ro\/wp-json\/wp\/v2\/pages"}],"about":[{"href":"https:\/\/montessoritech.eu\/ro\/wp-json\/wp\/v2\/types\/page"}],"author":[{"embeddable":true,"href":"https:\/\/montessoritech.eu\/ro\/wp-json\/wp\/v2\/users\/1"}],"replies":[{"embeddable":true,"href":"https:\/\/montessoritech.eu\/ro\/wp-json\/wp\/v2\/comments?post=2564"}],"version-history":[{"count":1,"href":"https:\/\/montessoritech.eu\/ro\/wp-json\/wp\/v2\/pages\/2564\/revisions"}],"predecessor-version":[{"id":2565,"href":"https:\/\/montessoritech.eu\/ro\/wp-json\/wp\/v2\/pages\/2564\/revisions\/2565"}],"up":[{"embeddable":true,"href":"https:\/\/montessoritech.eu\/ro\/wp-json\/wp\/v2\/pages\/2558"}],"wp:attachment":[{"href":"https:\/\/montessoritech.eu\/ro\/wp-json\/wp\/v2\/media?parent=2564"}],"curies":[{"name":"wp","href":"https:\/\/api.w.org\/{rel}","templated":true}]}}