{"id":2371,"date":"2021-03-05T11:03:28","date_gmt":"2021-03-05T11:03:28","guid":{"rendered":"https:\/\/montessoritech.eu\/about"},"modified":"2021-12-09T14:09:52","modified_gmt":"2021-12-09T14:09:52","slug":"despre","status":"publish","type":"page","link":"https:\/\/montessoritech.eu\/ro\/despre\/","title":{"rendered":"DESPRE"},"content":{"rendered":"<div id=\"dslc-content\" class=\"dslc-content dslc-clearfix\"><div id=\"dslc-main\">\r\n\t\t\t<div  class=\"dslc-modules-section \" style=\"padding-top:20px;padding-bottom:20px;\" data-section-id=\"ce80970fad2\">\r\n\t\t\t\t\r\n\t\t\t\t\r\n\t\t\t\t<div class=\"dslc-modules-section-wrapper dslc-clearfix\"><style type=\"text\/css\" id=\"dslca-modules-area-\"><\/style><div  class=\"dslc-modules-area dslc-col dslc-12-col dslc-last-col dslc-valign- \" data-size=\"12\" data-valign=\"\" data-modules-area-id=\"\" >\r\n\t\t<div id=\"dslc-module-f0b8e8e1940\" class=\"dslc-module-front dslc-module-DSLC_Text_Simple dslc-in-viewport-check dslc-in-viewport-anim-none  dslc-col dslc-12-col dslc-last-col  dslc-module-handle-like-regular \" data-module-id=\"f0b8e8e1940\" data-module=\"DSLC_Text_Simple\" data-dslc-module-size=\"12\" data-dslc-anim=\"none\" data-dslc-anim-delay=\"\" data-dslc-anim-duration=\"650\"  data-dslc-anim-easing=\"ease\" data-dslc-preset=\"none\" >\r\n\r\n\t\t\t\r\n\t\t\t\r\n\t\t\n\t\t<div class=\"dslc-text-module-content\">\n\t\t\t<h3>Ideea general\u0103 a proiectului<\/h3><p>Proiectul <strong>MonTech<\/strong> va \u00eencuraja incluziunea social\u0103 \u0219i echitatea \u00een \u0219colile multiculturale din \u00eentreaga Europ\u0103 prin activit\u0103\u021bi extrem de inovatoare \u0219i antrenante bazate pe o nou\u0103 abordare care <strong>combin\u0103 metoda Montessori cu experien\u021be de \u00eenv\u0103\u021bare de ultim\u0103 genera\u021bie Maker Education.<\/strong><\/p><p>Ideea este de a proiecta <strong>o nou\u0103 abordare care \u00eencepe de la o metod\u0103 tradi\u021bional\u0103 bine testat\u0103 (Montessori) \u0219i adaug\u0103 metodologii EdTech (Maker Education \u0219i Creative Computing) <\/strong>cu dublu obiectiv de adaptare a Montessori la noul context al \u0219colilor multiculturale (\u0219coli cu un numar semnificativ de copii refugia\u021bi \/ migran\u021bi \/ minorit\u0103\u021bi) \u0219i actualizarea acestuia cu instrumente \/ metode digitale moderne, dar accesibile pentru \u0219colile cu resurse economice pu\u021bine.<\/p>\t\t<\/div>\n\n\t\t\r\n\t\t\t\t<\/div><!-- .dslc-module -->\r\n\t\t<\/div><\/div><\/div>\r\n\t\t\t<div  class=\"dslc-modules-section \" style=\"padding-top:20px;padding-bottom:20px;background-color:#9d34ee;\" data-section-id=\"a5f5027152b\">\r\n\t\t\t\t\r\n\t\t\t\t\r\n\t\t\t\t<div class=\"dslc-modules-section-wrapper dslc-clearfix\"><style type=\"text\/css\" id=\"dslca-modules-area-\"><\/style><div  class=\"dslc-modules-area dslc-col dslc-12-col dslc-last-col dslc-valign- \" data-size=\"12\" data-valign=\"\" data-modules-area-id=\"\" >\r\n\t\t<div id=\"dslc-module-de4186e3b7e\" class=\"dslc-module-front dslc-module-DSLC_Text_Simple dslc-in-viewport-check dslc-in-viewport-anim-none  dslc-col dslc-12-col dslc-last-col  dslc-module-handle-like-regular \" data-module-id=\"de4186e3b7e\" data-module=\"DSLC_Text_Simple\" data-dslc-module-size=\"12\" data-dslc-anim=\"none\" data-dslc-anim-delay=\"\" data-dslc-anim-duration=\"650\"  data-dslc-anim-easing=\"ease\" data-dslc-preset=\"none\" >\r\n\r\n\t\t\t\r\n\t\t\t\r\n\t\t\n\t\t<div class=\"dslc-text-module-content\">\n\t\t\t<h3>Obiective<\/h3><p><strong>Obiectivul principal<\/strong> al acestui proiect este de a facilita incluziunea social\u0103 a copiilor refugia\u0163i \/ migran\u0163i sau minoritari \u00een mediul lor \u0219colar.<\/p><p><strong>Primul obiectiv specific <\/strong>al proiectului este de a sprijini profesorii \u0219i educatorii care predau \u00een \u0219colile multiculturale pentru a-\u0219i spori eficient performan\u021ba educa\u021bional\u0103 prin implementarea metodelor creative de \u00eenv\u0103\u021bare \u00een clasele lor.<\/p><p><strong>Al doilea obiectiv specific<\/strong> este cre\u0219terea m\u0103surabil\u0103 a performan\u021bei educa\u021bionale a acestor copii.<\/p>\t\t<\/div>\n\n\t\t\r\n\t\t\t\t<\/div><!-- .dslc-module -->\r\n\t\t<\/div><\/div><\/div>\r\n\t\t\t<div  class=\"dslc-modules-section \" style=\"padding-top:20px;padding-bottom:20px;background-color:#55bd32;\" data-section-id=\"079ba8cfdb6\">\r\n\t\t\t\t\r\n\t\t\t\t\r\n\t\t\t\t<div class=\"dslc-modules-section-wrapper dslc-clearfix\"><style type=\"text\/css\" id=\"dslca-modules-area-\"><\/style><div  class=\"dslc-modules-area dslc-col dslc-12-col dslc-last-col dslc-valign- \" data-size=\"12\" data-valign=\"\" data-modules-area-id=\"\" >\r\n\t\t<div id=\"dslc-module-3e89342cb4e\" class=\"dslc-module-front dslc-module-DSLC_Text_Simple dslc-in-viewport-check dslc-in-viewport-anim-none  dslc-col dslc-12-col dslc-last-col  dslc-module-handle-like-regular \" data-module-id=\"3e89342cb4e\" data-module=\"DSLC_Text_Simple\" data-dslc-module-size=\"12\" data-dslc-anim=\"none\" data-dslc-anim-delay=\"\" data-dslc-anim-duration=\"650\"  data-dslc-anim-easing=\"ease\" data-dslc-preset=\"none\" >\r\n\r\n\t\t\t\r\n\t\t\t\r\n\t\t\n\t\t<div class=\"dslc-text-module-content\">\n\t\t\t<h3>Principalele \u021binte<\/h3><p>Principalele noastre obiective sunt <strong>copiii\u00a0 refugia\u021bi \/ migran\u021bi sau minorit\u0103\u021bi care studiaz\u0103 \u00een \u0219colile de nivel primar-gimnazial din Europa<\/strong>, precum \u0219i profesorii care predau \u00een<strong> \u0219colile multiculturale <\/strong>frecventate de ace\u0219ti copii.<\/p><p>\u00a0<\/p>\t\t<\/div>\n\n\t\t\r\n\t\t\t\t<\/div><!-- .dslc-module -->\r\n\t\t<\/div><\/div><\/div><\/div><\/div>","protected":false},"excerpt":{"rendered":"<p>Ideea general\u0103 a proiectuluiProiectul MonTech va \u00eencuraja incluziunea social\u0103 \u0219i echitatea \u00een \u0219colile multiculturale din \u00eentreaga Europ\u0103 prin activit\u0103\u021bi extrem de inovatoare \u0219i antrenante bazate pe o nou\u0103 abordare care [&hellip;]<\/p>\n","protected":false},"author":1,"featured_media":0,"parent":0,"menu_order":0,"comment_status":"closed","ping_status":"closed","template":"page-templates\/page_fullwidth.php","meta":[],"_links":{"self":[{"href":"https:\/\/montessoritech.eu\/ro\/wp-json\/wp\/v2\/pages\/2371"}],"collection":[{"href":"https:\/\/montessoritech.eu\/ro\/wp-json\/wp\/v2\/pages"}],"about":[{"href":"https:\/\/montessoritech.eu\/ro\/wp-json\/wp\/v2\/types\/page"}],"author":[{"embeddable":true,"href":"https:\/\/montessoritech.eu\/ro\/wp-json\/wp\/v2\/users\/1"}],"replies":[{"embeddable":true,"href":"https:\/\/montessoritech.eu\/ro\/wp-json\/wp\/v2\/comments?post=2371"}],"version-history":[{"count":2,"href":"https:\/\/montessoritech.eu\/ro\/wp-json\/wp\/v2\/pages\/2371\/revisions"}],"predecessor-version":[{"id":2409,"href":"https:\/\/montessoritech.eu\/ro\/wp-json\/wp\/v2\/pages\/2371\/revisions\/2409"}],"wp:attachment":[{"href":"https:\/\/montessoritech.eu\/ro\/wp-json\/wp\/v2\/media?parent=2371"}],"curies":[{"name":"wp","href":"https:\/\/api.w.org\/{rel}","templated":true}]}}