{"id":4002,"date":"2021-03-05T11:03:28","date_gmt":"2021-03-05T11:03:28","guid":{"rendered":"https:\/\/montessoritech.eu\/about\/"},"modified":"2023-07-03T09:27:22","modified_gmt":"2023-07-03T09:27:22","slug":"il-progetto","status":"publish","type":"page","link":"https:\/\/montessoritech.eu\/it\/il-progetto\/","title":{"rendered":"Il progetto"},"content":{"rendered":"<div id=\"dslc-content\" class=\"dslc-content dslc-clearfix\"><div id=\"dslc-main\">\r\n\t\t\t<div  class=\"dslc-modules-section \" style=\"padding-top:20px;padding-bottom:20px;\" data-section-id=\"23aacb10cc8\">\r\n\t\t\t\t\r\n\t\t\t\t\r\n\t\t\t\t<div class=\"dslc-modules-section-wrapper dslc-clearfix\"><style type=\"text\/css\" id=\"dslca-modules-area-\"><\/style><div  class=\"dslc-modules-area dslc-col dslc-12-col dslc-last-col dslc-valign- \" data-size=\"12\" data-valign=\"\" data-modules-area-id=\"\" >\r\n\t\t<div id=\"dslc-module-cc5e6b167f0\" class=\"dslc-module-front dslc-module-DSLC_Text_Simple dslc-in-viewport-check dslc-in-viewport-anim-none  dslc-col dslc-12-col dslc-last-col  dslc-module-handle-like-regular \" data-module-id=\"cc5e6b167f0\" data-module=\"DSLC_Text_Simple\" data-dslc-module-size=\"12\" data-dslc-anim=\"none\" data-dslc-anim-delay=\"\" data-dslc-anim-duration=\"650\"  data-dslc-anim-easing=\"ease\" data-dslc-preset=\"none\" >\r\n\r\n\t\t\t\r\n\t\t\t\r\n\t\t\n\t\t<div class=\"dslc-text-module-content\">\n\t\t\t<h3><b>Idea generale del progetto<\/b><\/h3><p><span style=\"font-weight: 400;\">Il progetto <\/span><b>Montech<\/b><span style=\"font-weight: 400;\"> promuover\u00e0 l'inclusione sociale e l'equit\u00e0 nelle scuole multiculturali in tutta Europa attraverso attivit\u00e0 altamente innovative e coinvolgenti basate su un nuovo approccio <\/span><b>che fonde il metodo Montessori con esperienze di apprendimento creativo.<\/b><\/p><p><span style=\"font-weight: 400;\">L'idea \u00e8 quella di progettare <\/span><b>un nuovo approccio che parte da un metodo tradizionale ben collaudato (Montessori) e aggiunge metodologie EdTech (Maker Education e Creative Computing)<\/b><span style=\"font-weight: 400;\"> con il doppio obiettivo di adattare il metodo Montessori al nuovo contesto delle scuole multiculturali (scuole con un numero significativo di bambini e bambine con background di rifugiati\/migranti\/minoranze) e l'aggiornamento con strumenti\/metodi digitali moderni ma accessibili per le scuole con poche risorse economiche.<\/span><\/p>\t\t<\/div>\n\n\t\t\r\n\t\t\t\t<\/div><!-- .dslc-module -->\r\n\t\t<\/div><\/div><\/div>\r\n\t\t\t<div  class=\"dslc-modules-section \" style=\"padding-top:20px;padding-bottom:20px;background-color:#9d34ee;\" data-section-id=\"360487ce536\">\r\n\t\t\t\t\r\n\t\t\t\t\r\n\t\t\t\t<div class=\"dslc-modules-section-wrapper dslc-clearfix\"><style type=\"text\/css\" id=\"dslca-modules-area-\"><\/style><div  class=\"dslc-modules-area dslc-col dslc-12-col dslc-last-col dslc-valign- \" data-size=\"12\" data-valign=\"\" data-modules-area-id=\"\" >\r\n\t\t<div id=\"dslc-module-2f25ce77ce8\" class=\"dslc-module-front dslc-module-DSLC_Text_Simple dslc-in-viewport-check dslc-in-viewport-anim-none  dslc-col dslc-12-col dslc-last-col  dslc-module-handle-like-regular \" data-module-id=\"2f25ce77ce8\" data-module=\"DSLC_Text_Simple\" data-dslc-module-size=\"12\" data-dslc-anim=\"none\" data-dslc-anim-delay=\"\" data-dslc-anim-duration=\"650\"  data-dslc-anim-easing=\"ease\" data-dslc-preset=\"none\" >\r\n\r\n\t\t\t\r\n\t\t\t\r\n\t\t\n\t\t<div class=\"dslc-text-module-content\">\n\t\t\t<h3><b>Obiettivi<\/b><\/h3><p><b>L'obiettivo principale<\/b><span style=\"font-weight: 400;\"> di questo progetto \u00e8 facilitare l'inclusione sociale delle bambine e dei bambini con background di rifugiati\/migranti o minoranze nel loro ambiente scolastico.<\/span><\/p><p><b>Il primo obiettivo specifico<\/b><span style=\"font-weight: 400;\"> del progetto \u00e8 quello di sostenere le e gli insegnanti, gli educatori e le educatrici che insegnano nelle scuole multiculturali per aumentare efficacemente le loro prestazioni educative attraverso l'attuazione di metodi creativi di apprendimento nelle loro classi.<\/span><\/p><p><b>Il secondo obiettivo specifico<\/b><span style=\"font-weight: 400;\"> \u00e8 l'aumento misurabile delle prestazioni educative di questi bambini e bambine.<\/span><\/p>\t\t<\/div>\n\n\t\t\r\n\t\t\t\t<\/div><!-- .dslc-module -->\r\n\t\t<\/div><\/div><\/div>\r\n\t\t\t<div  class=\"dslc-modules-section \" style=\"padding-top:20px;padding-bottom:20px;background-color:#55bd32;\" data-section-id=\"a84c8f8cce6\">\r\n\t\t\t\t\r\n\t\t\t\t\r\n\t\t\t\t<div class=\"dslc-modules-section-wrapper dslc-clearfix\"><style type=\"text\/css\" id=\"dslca-modules-area-\"><\/style><div  class=\"dslc-modules-area dslc-col dslc-12-col dslc-last-col dslc-valign- \" data-size=\"12\" data-valign=\"\" data-modules-area-id=\"\" >\r\n\t\t<div id=\"dslc-module-905788948c1\" class=\"dslc-module-front dslc-module-DSLC_Text_Simple dslc-in-viewport-check dslc-in-viewport-anim-none  dslc-col dslc-12-col dslc-last-col  dslc-module-handle-like-regular \" data-module-id=\"905788948c1\" data-module=\"DSLC_Text_Simple\" data-dslc-module-size=\"12\" data-dslc-anim=\"none\" data-dslc-anim-delay=\"\" data-dslc-anim-duration=\"650\"  data-dslc-anim-easing=\"ease\" data-dslc-preset=\"none\" >\r\n\r\n\t\t\t\r\n\t\t\t\r\n\t\t\n\t\t<div class=\"dslc-text-module-content\">\n\t\t\t<h3>Obiettivi principali<\/h3><p><span style=\"font-weight: 400;\">I nostri obiettivi principali sono <\/span><b>i bambini e le bambine con background di rifugiati\/ migranti o minoranze che studiano nelle scuole primarie<\/b> <b>in Europa<\/b><span style=\"font-weight: 400;\">, e anche <\/span><b>le e gli insegnanti che insegnano in scuole multiculturali<\/b><span style=\"font-weight: 400;\"> dove questi bambini e bambine frequentano. <\/span><\/p><p>\u00a0<\/p>\t\t<\/div>\n\n\t\t\r\n\t\t\t\t<\/div><!-- .dslc-module -->\r\n\t\t<\/div><\/div><\/div><\/div><\/div>","protected":false},"excerpt":{"rendered":"<p>Idea generale del progettoIl progetto Montech promuover\u00e0 l'inclusione sociale e l'equit\u00e0 nelle scuole multiculturali in tutta Europa attraverso attivit\u00e0 altamente innovative e coinvolgenti basate su un nuovo approccio che fonde [&hellip;]<\/p>\n","protected":false},"author":1,"featured_media":0,"parent":0,"menu_order":0,"comment_status":"closed","ping_status":"closed","template":"page-templates\/page_fullwidth.php","meta":[],"_links":{"self":[{"href":"https:\/\/montessoritech.eu\/it\/wp-json\/wp\/v2\/pages\/4002"}],"collection":[{"href":"https:\/\/montessoritech.eu\/it\/wp-json\/wp\/v2\/pages"}],"about":[{"href":"https:\/\/montessoritech.eu\/it\/wp-json\/wp\/v2\/types\/page"}],"author":[{"embeddable":true,"href":"https:\/\/montessoritech.eu\/it\/wp-json\/wp\/v2\/users\/1"}],"replies":[{"embeddable":true,"href":"https:\/\/montessoritech.eu\/it\/wp-json\/wp\/v2\/comments?post=4002"}],"version-history":[{"count":1,"href":"https:\/\/montessoritech.eu\/it\/wp-json\/wp\/v2\/pages\/4002\/revisions"}],"predecessor-version":[{"id":4111,"href":"https:\/\/montessoritech.eu\/it\/wp-json\/wp\/v2\/pages\/4002\/revisions\/4111"}],"wp:attachment":[{"href":"https:\/\/montessoritech.eu\/it\/wp-json\/wp\/v2\/media?parent=4002"}],"curies":[{"name":"wp","href":"https:\/\/api.w.org\/{rel}","templated":true}]}}