{"id":2360,"date":"2021-12-02T09:16:14","date_gmt":"2021-12-02T09:16:14","guid":{"rendered":"https:\/\/montessoritech.eu\/?page_id=2360"},"modified":"2021-12-10T11:58:48","modified_gmt":"2021-12-10T11:58:48","slug":"tecnologias-creativas","status":"publish","type":"page","link":"https:\/\/montessoritech.eu\/es\/metodos\/tecnologias-creativas\/","title":{"rendered":"Tecnolog\u00edas Creativas"},"content":{"rendered":"<div id=\"dslc-theme-content\"><div id=\"dslc-theme-content-inner\"><div id=\"dslc-content\" class=\"dslc-content dslc-clearfix\">\n<div id=\"dslc-main\">\n<div  class=\"dslc-modules-section \" style=\"padding-bottom:20px;padding-top:20px;\" data-section-id=\"ce37f1928b6\">\n<div class=\"dslc-modules-section-wrapper dslc-clearfix\">\n<style type=\"text\/css\" id=\"dslca-modules-area-\"><\/style>\n<div  class=\"dslc-modules-area dslc-col dslc-12-col dslc-last-col dslc-valign- \" data-size=\"12\" data-valign=\"\" data-modules-area-id=\"\" >\n<div id=\"dslc-module-b9b77ebcf90\" class=\"dslc-module-front dslc-module-DSLC_Image dslc-in-viewport-check dslc-in-viewport-anim-none  dslc-col dslc-12-col dslc-last-col  dslc-module-handle-like-regular \" data-module-id=\"b9b77ebcf90\" data-module=\"DSLC_Image\" data-dslc-module-size=\"12\" data-dslc-anim=\"none\" data-dslc-anim-delay=\"\" data-dslc-anim-duration=\"650\"  data-dslc-anim-easing=\"ease\" data-dslc-preset=\"none\" >\n<div class=\"dslc-image-container\">\n<div class=\"dslc-image\">\n<p>\t\t\t\t\t\t\t\t\t<img decoding=\"async\" src=\"https:\/\/montessoritech.eu\/wp-content\/uploads\/2021\/05\/E10yeCbWUAQMzwO.jpg\" alt=\"\" title=\"\" srcset=\"https:\/\/montessoritech.eu\/wp-content\/uploads\/2021\/05\/E10yeCbWUAQMzwO.jpg 2048w, https:\/\/montessoritech.eu\/wp-content\/uploads\/2021\/05\/E10yeCbWUAQMzwO-300x225.jpg 300w, https:\/\/montessoritech.eu\/wp-content\/uploads\/2021\/05\/E10yeCbWUAQMzwO-1024x768.jpg 1024w, https:\/\/montessoritech.eu\/wp-content\/uploads\/2021\/05\/E10yeCbWUAQMzwO-768x576.jpg 768w, https:\/\/montessoritech.eu\/wp-content\/uploads\/2021\/05\/E10yeCbWUAQMzwO-1536x1152.jpg 1536w, https:\/\/montessoritech.eu\/wp-content\/uploads\/2021\/05\/E10yeCbWUAQMzwO-660x495.jpg 660w, https:\/\/montessoritech.eu\/wp-content\/uploads\/2021\/05\/E10yeCbWUAQMzwO-450x338.jpg 450w\" sizes=\"(max-width: 2048px) 100vw, 2048px\" \/><\/p><\/div>\n<p><!-- .dslc-image -->\n\t\t<\/div>\n<\/p><\/div>\n<p><!-- .dslc-module -->\n\t\t<\/div>\n<\/div>\n<\/div>\n<div  class=\"dslc-modules-section \" style=\"padding-bottom:20px;padding-top:20px;\" data-section-id=\"ee97095632d\">\n<div class=\"dslc-modules-section-wrapper dslc-clearfix\">\n<style type=\"text\/css\" id=\"dslca-modules-area-\"><\/style>\n<div  class=\"dslc-modules-area dslc-col dslc-12-col dslc-last-col dslc-valign- \" data-size=\"12\" data-valign=\"\" data-modules-area-id=\"\" >\n<div id=\"dslc-module-f1f860dde2c\" class=\"dslc-module-front dslc-module-DSLC_Text_Simple dslc-in-viewport-check dslc-in-viewport-anim-none  dslc-col dslc-12-col dslc-last-col  dslc-module-handle-like-regular \" data-module-id=\"f1f860dde2c\" data-module=\"DSLC_Text_Simple\" data-dslc-module-size=\"12\" data-dslc-anim=\"none\" data-dslc-anim-delay=\"\" data-dslc-anim-duration=\"650\"  data-dslc-anim-easing=\"ease\" data-dslc-preset=\"none\" >\n<div class=\"dslc-text-module-content\">\n<p>UdiGitalEdu ha creado una sinopsis que explica el concepto de Tecnolog\u00edas Creativas, sus ideas principales y los m\u00e9todos que surgen de ellas, introduciendo seis temas interconectados entre ellos: Construccionismo, Educaci\u00f3n Maker, Pensamiento Computacional, Computaci\u00f3n Creativa, STEAM y Tinkering.<\/p>\n<\/p><\/div>\n<\/p><\/div>\n<p><!-- .dslc-module --><\/p>\n<div id=\"dslc-module-2595ebdd121\" class=\"dslc-module-front dslc-module-DSLC_Downloads dslc-in-viewport-check dslc-in-viewport-anim-none  dslc-col dslc-12-col dslc-last-col  dslc-module-handle-like-regular \" data-module-id=\"2595ebdd121\" data-module=\"DSLC_Downloads\" data-dslc-module-size=\"12\" data-dslc-anim=\"none\" data-dslc-anim-delay=\"\" data-dslc-anim-duration=\"650\"  data-dslc-anim-easing=\"ease\" data-dslc-preset=\"none\" >\n<div class=\"dslc-posts dslc-downloads dslc-clearfix dslc-posts-orientation-vertical dslc-init-grid \">\r\n\t\t\t\r\n\t\t\t\r\n\t\t<div class=\"dslc-posts-inner\">\r\n\t<div class=\"dslc-post dslc-download dslc-col dslc-4-col  dslc-first-col dslc-post-no-thumb\" data-cats=\"\">\r\n\r\n\t\r\n\t\t\t\t\t\t\t\r\n\t\t\t\t\t\t\t\t<div class=\"dslc-post-main dslc-download-main\">\r\n\r\n\t\t\t\t\t\t\t\t\t\r\n\t\t\t\t\t\t\t\t\t\r\n\t\t\t\t\t\t\t\t\t\r\n\t\t\t\t\t\t\t\t\t\r\n\t\t\t\t\t\t\t\t\t\t<div class=\"dslc-download-download\">\r\n\t\t\t\t\t\t\t\t\t\t\t<a target=\"_blank\" class=\"dslc-download-count-hook\" data-post-id=\"2260\" href=\"https:\/\/montessoritech.eu\/wp-content\/uploads\/2021\/05\/Creative-Technologies-Synopsis.pdf\" download>\r\n\t\t\t\t\t\t\t\t\t\t\t\t\t\t\t\t\t\t\t\t\t\t\t\t\t<span class=\"dslc-icon dslc-icon-download-alt\"><\/span>\t\r\n\t\t\t\t\t\t\t\t\t\t\t\t\t\t\t\t\t\t\t\t\t\t\t\tPDF\t\t\t\t\t\t\t\t\t\t\t<\/a>\r\n\t\t\t\t\t\t\t\t\t\t<\/div><!-- .dslc-download-download -->\r\n\r\n\t\t\t\t\t\t\t\t\t\r\n\t\t\t\t\t\t\t\t\t\r\n\t\t\t\t\t\t\t\t<\/div><!-- .dslc-download-main -->\r\n\r\n\t\t\t\t\t\t\t\r\n\t\t\t\t\t\t<\/div><!-- .dslc-download -->\r\n\r\n\t\t\t\t\t\t<\/div><!-- .dslc-posts-inner -->\r\n\t\t\t\r\n\t\t\t\r\n\t<\/div><\/div>\n<p><!-- .dslc-module -->\n\t\t<\/div>\n<\/div>\n<\/div>\n<\/div>\n<\/div>\n<\/div><\/div>","protected":false},"excerpt":{"rendered":"<p>UdiGitalEdu ha creado una sinopsis que explica el concepto de Tecnolog\u00edas Creativas, sus ideas principales y los m\u00e9todos que surgen de ellas, introduciendo seis temas interconectados entre ellos: Construccionismo, Educaci\u00f3n [&hellip;]<\/p>\n","protected":false},"author":1,"featured_media":0,"parent":2581,"menu_order":2,"comment_status":"closed","ping_status":"closed","template":"page-templates\/page_fullwidth.php","meta":[],"_links":{"self":[{"href":"https:\/\/montessoritech.eu\/es\/wp-json\/wp\/v2\/pages\/2360"}],"collection":[{"href":"https:\/\/montessoritech.eu\/es\/wp-json\/wp\/v2\/pages"}],"about":[{"href":"https:\/\/montessoritech.eu\/es\/wp-json\/wp\/v2\/types\/page"}],"author":[{"embeddable":true,"href":"https:\/\/montessoritech.eu\/es\/wp-json\/wp\/v2\/users\/1"}],"replies":[{"embeddable":true,"href":"https:\/\/montessoritech.eu\/es\/wp-json\/wp\/v2\/comments?post=2360"}],"version-history":[{"count":2,"href":"https:\/\/montessoritech.eu\/es\/wp-json\/wp\/v2\/pages\/2360\/revisions"}],"predecessor-version":[{"id":2365,"href":"https:\/\/montessoritech.eu\/es\/wp-json\/wp\/v2\/pages\/2360\/revisions\/2365"}],"up":[{"embeddable":true,"href":"https:\/\/montessoritech.eu\/es\/wp-json\/wp\/v2\/pages\/2581"}],"wp:attachment":[{"href":"https:\/\/montessoritech.eu\/es\/wp-json\/wp\/v2\/media?parent=2360"}],"curies":[{"name":"wp","href":"https:\/\/api.w.org\/{rel}","templated":true}]}}