{"id":2357,"date":"2021-03-05T11:03:28","date_gmt":"2021-03-05T11:03:28","guid":{"rendered":"https:\/\/montessoritech.eu\/?page_id=2357"},"modified":"2022-08-31T07:16:34","modified_gmt":"2022-08-31T07:16:34","slug":"about","status":"publish","type":"page","link":"https:\/\/montessoritech.eu\/es\/about\/","title":{"rendered":"About"},"content":{"rendered":"<div id=\"dslc-content\" class=\"dslc-content dslc-clearfix\"><div id=\"dslc-main\">\r\n\t\t\t<div  class=\"dslc-modules-section \" style=\"padding-top:20px;padding-bottom:20px;\" data-section-id=\"6cbace57900\">\r\n\t\t\t\t\r\n\t\t\t\t\r\n\t\t\t\t<div class=\"dslc-modules-section-wrapper dslc-clearfix\"><style type=\"text\/css\" id=\"dslca-modules-area-\"><\/style><div  class=\"dslc-modules-area dslc-col dslc-12-col dslc-last-col dslc-valign- \" data-size=\"12\" data-valign=\"\" data-modules-area-id=\"\" >\r\n\t\t<div id=\"dslc-module-3c677dc0f52\" class=\"dslc-module-front dslc-module-DSLC_Text_Simple dslc-in-viewport-check dslc-in-viewport-anim-none  dslc-col dslc-12-col dslc-last-col  dslc-module-handle-like-regular \" data-module-id=\"3c677dc0f52\" data-module=\"DSLC_Text_Simple\" data-dslc-module-size=\"12\" data-dslc-anim=\"none\" data-dslc-anim-delay=\"\" data-dslc-anim-duration=\"650\"  data-dslc-anim-easing=\"ease\" data-dslc-preset=\"none\" >\r\n\r\n\t\t\t\r\n\t\t\t\r\n\t\t\n\t\t<div class=\"dslc-text-module-content\">\n\t\t\t<h3>Idea general del proyecto<\/h3><p>El proyecto Montech promueve la inclusi\u00f3n social y la equidad en escuelas multiculturales de toda Europa a trav\u00e9s de actividades motivadoras e innovadoras, basadas en un nuevo enfoque que fusiona el m\u00e9todo Montessori con esperiencias de aprendizaje maker.<\/p><p>La idea es dise\u00f1ar un nuevo enfoque que parte de un m\u00e9todo tradicional muy reconocido (Montessori) y a\u00f1ade metodolog\u00edas EdTech (Educaci\u00f3n Maker y Computaci\u00f3n Creativa) con el doble objetivo de adaptar Montessori al nuevo contexto de las escuelas multiculturales (escuelas con una cantidad significativa de ni\u00f1os migrantes, refugiados o de minor\u00edas) y actualizarlo con herramientas digitales modernas pero econ\u00f3micas, para escuelas con pocos recursos econ\u00f3micos.<\/p>\t\t<\/div>\n\n\t\t\r\n\t\t\t\t<\/div><!-- .dslc-module -->\r\n\t\t<\/div><\/div><\/div>\r\n\t\t\t<div  class=\"dslc-modules-section \" style=\"padding-top:20px;padding-bottom:20px;background-color:#9d34ee;\" data-section-id=\"e4a506a820b\">\r\n\t\t\t\t\r\n\t\t\t\t\r\n\t\t\t\t<div class=\"dslc-modules-section-wrapper dslc-clearfix\"><style type=\"text\/css\" id=\"dslca-modules-area-\"><\/style><div  class=\"dslc-modules-area dslc-col dslc-12-col dslc-last-col dslc-valign- \" data-size=\"12\" data-valign=\"\" data-modules-area-id=\"\" >\r\n\t\t<div id=\"dslc-module-31bc791ddf5\" class=\"dslc-module-front dslc-module-DSLC_Text_Simple dslc-in-viewport-check dslc-in-viewport-anim-none  dslc-col dslc-12-col dslc-last-col  dslc-module-handle-like-regular \" data-module-id=\"31bc791ddf5\" data-module=\"DSLC_Text_Simple\" data-dslc-module-size=\"12\" data-dslc-anim=\"none\" data-dslc-anim-delay=\"\" data-dslc-anim-duration=\"650\"  data-dslc-anim-easing=\"ease\" data-dslc-preset=\"none\" >\r\n\r\n\t\t\t\r\n\t\t\t\r\n\t\t\n\t\t<div class=\"dslc-text-module-content\">\n\t\t\t<h3>Objetivos<\/h3><p>El <strong>objetivo principal<\/strong> del proyecto es mejorar la inclusi\u00f3n social de ni\u00f1os y ni\u00f1as migrantes, refugiados o de minor\u00edas, dentro de la escuela.<\/p><p>El <strong>primer objetivo<\/strong> espec\u00edfico del proyecto es ayudar a los maestros y educadores de escuelas multiculturales a mejorar la eficiencia de su pr\u00e1ctica docente mediante m\u00e9todos de aprendizaje creativo en sus clases.<\/p><p>El <strong>segundo objetivo<\/strong> espec\u00edfico es el aumento medible del rendimiento escolar de los ni\u00f1os y ni\u00f1as.<\/p>\t\t<\/div>\n\n\t\t\r\n\t\t\t\t<\/div><!-- .dslc-module -->\r\n\t\t<\/div><\/div><\/div>\r\n\t\t\t<div  class=\"dslc-modules-section \" style=\"padding-top:20px;padding-bottom:20px;background-color:#55bd32;\" data-section-id=\"a14edfcd96e\">\r\n\t\t\t\t\r\n\t\t\t\t\r\n\t\t\t\t<div class=\"dslc-modules-section-wrapper dslc-clearfix\"><style type=\"text\/css\" id=\"dslca-modules-area-\"><\/style><div  class=\"dslc-modules-area dslc-col dslc-12-col dslc-last-col dslc-valign- \" data-size=\"12\" data-valign=\"\" data-modules-area-id=\"\" >\r\n\t\t<div id=\"dslc-module-3b734f5db9d\" class=\"dslc-module-front dslc-module-DSLC_Text_Simple dslc-in-viewport-check dslc-in-viewport-anim-none  dslc-col dslc-12-col dslc-last-col  dslc-module-handle-like-regular \" data-module-id=\"3b734f5db9d\" data-module=\"DSLC_Text_Simple\" data-dslc-module-size=\"12\" data-dslc-anim=\"none\" data-dslc-anim-delay=\"\" data-dslc-anim-duration=\"650\"  data-dslc-anim-easing=\"ease\" data-dslc-preset=\"none\" >\r\n\r\n\t\t\t\r\n\t\t\t\r\n\t\t\n\t\t<div class=\"dslc-text-module-content\">\n\t\t\t<h3>Principales destinatarios<\/h3><p>Los principales destinatarios son ni\u00f1os y ni\u00f1os migrantes, refugiados y de minor\u00edas que est\u00e1n estudiando en escuelas de primaria europeas, y tambi\u00e9n los maestros de estas escuelas multiculturales.<\/p><p>\u00a0<\/p>\t\t<\/div>\n\n\t\t\r\n\t\t\t\t<\/div><!-- .dslc-module -->\r\n\t\t<\/div><\/div><\/div><\/div><\/div>","protected":false},"excerpt":{"rendered":"<p>Idea general del proyectoEl proyecto Montech promueve la inclusi\u00f3n social y la equidad en escuelas multiculturales de toda Europa a trav\u00e9s de actividades motivadoras e innovadoras, basadas en un nuevo [&hellip;]<\/p>\n","protected":false},"author":1,"featured_media":0,"parent":0,"menu_order":0,"comment_status":"closed","ping_status":"closed","template":"page-templates\/page_fullwidth.php","meta":[],"_links":{"self":[{"href":"https:\/\/montessoritech.eu\/es\/wp-json\/wp\/v2\/pages\/2357"}],"collection":[{"href":"https:\/\/montessoritech.eu\/es\/wp-json\/wp\/v2\/pages"}],"about":[{"href":"https:\/\/montessoritech.eu\/es\/wp-json\/wp\/v2\/types\/page"}],"author":[{"embeddable":true,"href":"https:\/\/montessoritech.eu\/es\/wp-json\/wp\/v2\/users\/1"}],"replies":[{"embeddable":true,"href":"https:\/\/montessoritech.eu\/es\/wp-json\/wp\/v2\/comments?post=2357"}],"version-history":[{"count":7,"href":"https:\/\/montessoritech.eu\/es\/wp-json\/wp\/v2\/pages\/2357\/revisions"}],"predecessor-version":[{"id":2678,"href":"https:\/\/montessoritech.eu\/es\/wp-json\/wp\/v2\/pages\/2357\/revisions\/2678"}],"wp:attachment":[{"href":"https:\/\/montessoritech.eu\/es\/wp-json\/wp\/v2\/media?parent=2357"}],"curies":[{"name":"wp","href":"https:\/\/api.w.org\/{rel}","templated":true}]}}