{"id":2929,"date":"2022-08-31T07:42:05","date_gmt":"2022-08-31T07:42:05","guid":{"rendered":"https:\/\/montessoritech.eu\/?page_id=2929"},"modified":"2022-08-31T10:02:20","modified_gmt":"2022-08-31T10:02:20","slug":"guia-montech","status":"publish","type":"page","link":"https:\/\/montessoritech.eu\/ca\/guia-montech\/","title":{"rendered":"Guia Montech"},"content":{"rendered":"<div id=\"dslc-content\" class=\"dslc-content dslc-clearfix\"><div id=\"dslc-main\">\r\n\t\t\t<div  class=\"dslc-modules-section \" style=\"padding-top:40px;padding-bottom:40px;\" data-section-id=\"3d8d61a48a9\">\r\n\t\t\t\t\r\n\t\t\t\t\r\n\t\t\t\t<div class=\"dslc-modules-section-wrapper dslc-clearfix\"><style type=\"text\/css\" id=\"dslca-modules-area-\"><\/style><div  class=\"dslc-modules-area dslc-col dslc-12-col dslc-last-col dslc-valign- \" data-size=\"12\" data-valign=\"\" data-modules-area-id=\"\" >\r\n\t\t<div id=\"dslc-module-df2a77127de\" class=\"dslc-module-front dslc-module-DSLC_Text_Simple dslc-in-viewport-check dslc-in-viewport-anim-none  dslc-col dslc-12-col dslc-last-col  dslc-module-handle-like-regular \" data-module-id=\"df2a77127de\" data-module=\"DSLC_Text_Simple\" data-dslc-module-size=\"12\" data-dslc-anim=\"none\" data-dslc-anim-delay=\"\" data-dslc-anim-duration=\"650\"  data-dslc-anim-easing=\"ease\" data-dslc-preset=\"none\" >\r\n\r\n\t\t\t\r\n\t\t\t\r\n\t\t\n\t\t<div class=\"dslc-text-module-content\">\n\t\t\t<p>La guia MonTech est\u00e0 essent co-dissenyada pels experts de Montessori i Creative Technologies del consorci. A m\u00e9s, la seva primera versi\u00f3 s'ha provat a escoles multiculturals de tots els pa\u00efsos socis, i els seus professors han proporcionat comentaris basats en les seves experi\u00e8ncies per elaborar la versi\u00f3 final. Com a resultat, un llibre d'orientaci\u00f3 per a professors de prim\u00e0ria est\u00e0 fortament influenciat pels principis Montessori i les cultures del m\u00f3n que recull activitats pr\u00e0ctiques de Tecnologies creatives endollades i desconnectades, centrades en Scratch i transversals.<\/p>\t\t<\/div>\n\n\t\t\r\n\t\t\t\t<\/div><!-- .dslc-module -->\r\n\t\t<\/div><\/div><\/div>\r\n\t\t\t<div  class=\"dslc-modules-section \" style=\"padding-top:20px;padding-bottom:20px;\" data-section-id=\"a87670bee10\">\r\n\t\t\t\t\r\n\t\t\t\t\r\n\t\t\t\t<div class=\"dslc-modules-section-wrapper dslc-clearfix\"><style type=\"text\/css\" id=\"dslca-modules-area-\"><\/style><div  class=\"dslc-modules-area dslc-col dslc-12-col dslc-last-col dslc-valign- \" data-size=\"12\" data-valign=\"\" data-modules-area-id=\"\" >\r\n\t\t<div id=\"dslc-module-cbc2d8e5f14\" class=\"dslc-module-front dslc-module-DSLC_Shortcode dslc-in-viewport-check dslc-in-viewport-anim-none  dslc-col dslc-8-col  dslc-module-handle-like-regular \" data-module-id=\"cbc2d8e5f14\" data-module=\"DSLC_Shortcode\" data-dslc-module-size=\"8\" data-dslc-anim=\"none\" data-dslc-anim-delay=\"\" data-dslc-anim-duration=\"650\"  data-dslc-anim-easing=\"ease\" data-dslc-preset=\"none\" >\r\n\r\n\t\t\t\r\n\t\t\t\r\n\t\t\t\t<div class=\"dslc-module-shortcode\">\n\t\t\t<div class='w3eden'><!-- WPDM Link Template: Default Template -->\n\n<div class=\"link-template-default card mb-2\">\n    <div class=\"card-body\">\n        <div class=\"media\">\n            <div class=\"mr-3 img-48\"><img class=\"wpdm_icon\" alt=\"Icona\"   src=\"https:\/\/montessoritech.eu\/wp-content\/plugins\/download-manager\/assets\/file-type-icons\/pdf.svg\" \/><\/div>\n            <div class=\"media-body\">\n                <h3 class=\"package-title\"><a href='https:\/\/montessoritech.eu\/ca\/download\/guia-de-mestres-de-primaria\/'>Guia de mestres de prim\u00e0ria<\/a><\/h3>\n                <div class=\"text-muted text-small\"><i class=\"fas fa-copy\"><\/i> 1 fitxer(s) <i class=\"fas fa-hdd ml-3\"><\/i> 7 MB<\/div>\n            <\/div>\n            <div class=\"ml-3\">\n                <a class='wpdm-download-link download-on-click btn btn-primary ' rel='nofollow' href='#' data-downloadurl=\"https:\/\/montessoritech.eu\/ca\/download\/guia-de-mestres-de-primaria\/?wpdmdl=2997&refresh=69d4db4e5cf621775557454\">Baixa<\/a>\n            <\/div>\n        <\/div>\n    <\/div>\n<\/div>\n\n<\/div>\t\t<\/div>\n\t\t\r\n\t\t\t\t<\/div><!-- .dslc-module -->\r\n\t\t<\/div><\/div><\/div><\/div><\/div>","protected":false},"excerpt":{"rendered":"<p>La guia MonTech est\u00e0 essent co-dissenyada pels experts de Montessori i Creative Technologies del consorci. A m\u00e9s, la seva primera versi\u00f3 s'ha provat a escoles multiculturals de tots els pa\u00efsos [&hellip;]<\/p>\n","protected":false},"author":1,"featured_media":0,"parent":0,"menu_order":0,"comment_status":"closed","ping_status":"closed","template":"page-templates\/page_fullwidth.php","meta":[],"_links":{"self":[{"href":"https:\/\/montessoritech.eu\/ca\/wp-json\/wp\/v2\/pages\/2929"}],"collection":[{"href":"https:\/\/montessoritech.eu\/ca\/wp-json\/wp\/v2\/pages"}],"about":[{"href":"https:\/\/montessoritech.eu\/ca\/wp-json\/wp\/v2\/types\/page"}],"author":[{"embeddable":true,"href":"https:\/\/montessoritech.eu\/ca\/wp-json\/wp\/v2\/users\/1"}],"replies":[{"embeddable":true,"href":"https:\/\/montessoritech.eu\/ca\/wp-json\/wp\/v2\/comments?post=2929"}],"version-history":[{"count":4,"href":"https:\/\/montessoritech.eu\/ca\/wp-json\/wp\/v2\/pages\/2929\/revisions"}],"predecessor-version":[{"id":2976,"href":"https:\/\/montessoritech.eu\/ca\/wp-json\/wp\/v2\/pages\/2929\/revisions\/2976"}],"wp:attachment":[{"href":"https:\/\/montessoritech.eu\/ca\/wp-json\/wp\/v2\/media?parent=2929"}],"curies":[{"name":"wp","href":"https:\/\/api.w.org\/{rel}","templated":true}]}}