{"id":2369,"date":"2021-03-05T11:03:28","date_gmt":"2021-03-05T11:03:28","guid":{"rendered":"https:\/\/montessoritech.eu\/about"},"modified":"2022-08-31T07:16:34","modified_gmt":"2022-08-31T07:16:34","slug":"about","status":"publish","type":"page","link":"https:\/\/montessoritech.eu\/ca\/about\/","title":{"rendered":"About"},"content":{"rendered":"<div id=\"dslc-content\" class=\"dslc-content dslc-clearfix\"><div id=\"dslc-main\">\r\n\t\t\t<div  class=\"dslc-modules-section \" style=\"padding-top:20px;padding-bottom:20px;\" data-section-id=\"65955c0dc84\">\r\n\t\t\t\t\r\n\t\t\t\t\r\n\t\t\t\t<div class=\"dslc-modules-section-wrapper dslc-clearfix\"><style type=\"text\/css\" id=\"dslca-modules-area-\"><\/style><div  class=\"dslc-modules-area dslc-col dslc-12-col dslc-last-col dslc-valign- \" data-size=\"12\" data-valign=\"\" data-modules-area-id=\"\" >\r\n\t\t<div id=\"dslc-module-95079fd0902\" class=\"dslc-module-front dslc-module-DSLC_Text_Simple dslc-in-viewport-check dslc-in-viewport-anim-none  dslc-col dslc-12-col dslc-last-col  dslc-module-handle-like-regular \" data-module-id=\"95079fd0902\" data-module=\"DSLC_Text_Simple\" data-dslc-module-size=\"12\" data-dslc-anim=\"none\" data-dslc-anim-delay=\"\" data-dslc-anim-duration=\"650\"  data-dslc-anim-easing=\"ease\" data-dslc-preset=\"none\" >\r\n\r\n\t\t\t\r\n\t\t\t\r\n\t\t\n\t\t<div class=\"dslc-text-module-content\">\n\t\t\t<h3>Idea general del projecte<\/h3><p>El projecte MonTech promou la inclusi\u00f3 social i la equitat en escoles multiculturals d\u2019arreu d\u2019Europa a trav\u00e9s d\u2019activitats motivadores i innovadores, basades en un nou enfocament que fusiona el m\u00e8tode Montessori amb experi\u00e8ncies d\u2019aprenentatge maker.<\/p><p>La idea es dissenyar un nou enfocament que parteix d\u2019un m\u00e8tode tradicional molt reconegut (Montessori) i hi afegeix metodologies EdTech (Educaci\u00f3 Maker i Computaci\u00f3 Creativa) amb el doble objectiu d\u2019adaptar Montessori al nou context de les escoles multiculturals (escoles amb una quantitat significativa d\u2019infants migrants, refugiats o de minories) i actualitzar-lo amb eines digitals modernes per\u00f2 econ\u00f2miques, per a escoles amb pocs recursos econ\u00f2mics.<\/p>\t\t<\/div>\n\n\t\t\r\n\t\t\t\t<\/div><!-- .dslc-module -->\r\n\t\t<\/div><\/div><\/div>\r\n\t\t\t<div  class=\"dslc-modules-section \" style=\"padding-top:20px;padding-bottom:20px;background-color:#9d34ee;\" data-section-id=\"bc30823a3fc\">\r\n\t\t\t\t\r\n\t\t\t\t\r\n\t\t\t\t<div class=\"dslc-modules-section-wrapper dslc-clearfix\"><style type=\"text\/css\" id=\"dslca-modules-area-\"><\/style><div  class=\"dslc-modules-area dslc-col dslc-12-col dslc-last-col dslc-valign- \" data-size=\"12\" data-valign=\"\" data-modules-area-id=\"\" >\r\n\t\t<div id=\"dslc-module-da0a873d022\" class=\"dslc-module-front dslc-module-DSLC_Text_Simple dslc-in-viewport-check dslc-in-viewport-anim-none  dslc-col dslc-12-col dslc-last-col  dslc-module-handle-like-regular \" data-module-id=\"da0a873d022\" data-module=\"DSLC_Text_Simple\" data-dslc-module-size=\"12\" data-dslc-anim=\"none\" data-dslc-anim-delay=\"\" data-dslc-anim-duration=\"650\"  data-dslc-anim-easing=\"ease\" data-dslc-preset=\"none\" >\r\n\r\n\t\t\t\r\n\t\t\t\r\n\t\t\n\t\t<div class=\"dslc-text-module-content\">\n\t\t\t<h3>Objectius<\/h3><p>L\u2019<strong>objectiu principal<\/strong> del projecte \u00e9s millorar la inclusi\u00f3 social de nens i nenes migrants, refugiats o de minories, dins de l\u2019escola.<\/p><p>El <strong>primer objectiu<\/strong> espec\u00edfic del projecte \u00e9s ajudar als mestres i educadors d\u2019escoles multiculturals a millorar l\u2019efici\u00e8ncia de la seva pr\u00e0ctica docent mitjan\u00e7ant m\u00e8todes d\u2019aprenentatge creatiu a les seves classes.<\/p><p>El <strong>segon objectiu<\/strong> espec\u00edfic \u00e9s l\u2019augment mesurable del rendiment escolars dels nens i nenes.<\/p>\t\t<\/div>\n\n\t\t\r\n\t\t\t\t<\/div><!-- .dslc-module -->\r\n\t\t<\/div><\/div><\/div>\r\n\t\t\t<div  class=\"dslc-modules-section \" style=\"padding-top:20px;padding-bottom:20px;background-color:#55bd32;\" data-section-id=\"7e03cbc0037\">\r\n\t\t\t\t\r\n\t\t\t\t\r\n\t\t\t\t<div class=\"dslc-modules-section-wrapper dslc-clearfix\"><style type=\"text\/css\" id=\"dslca-modules-area-\"><\/style><div  class=\"dslc-modules-area dslc-col dslc-12-col dslc-last-col dslc-valign- \" data-size=\"12\" data-valign=\"\" data-modules-area-id=\"\" >\r\n\t\t<div id=\"dslc-module-4784ce1bc4e\" class=\"dslc-module-front dslc-module-DSLC_Text_Simple dslc-in-viewport-check dslc-in-viewport-anim-none  dslc-col dslc-12-col dslc-last-col  dslc-module-handle-like-regular \" data-module-id=\"4784ce1bc4e\" data-module=\"DSLC_Text_Simple\" data-dslc-module-size=\"12\" data-dslc-anim=\"none\" data-dslc-anim-delay=\"\" data-dslc-anim-duration=\"650\"  data-dslc-anim-easing=\"ease\" data-dslc-preset=\"none\" >\r\n\r\n\t\t\t\r\n\t\t\t\r\n\t\t\n\t\t<div class=\"dslc-text-module-content\">\n\t\t\t<h3>Principals destinataris<\/h3><p>Els principals destinataris s\u00f3n nens i nens migrants, refugiats i de minories que estan estudiant en escoles de prim\u00e0ria europees, i tamb\u00e9 els mestres d\u2019aquestes escoles multiculturals.<\/p><p>\u00a0<\/p>\t\t<\/div>\n\n\t\t\r\n\t\t\t\t<\/div><!-- .dslc-module -->\r\n\t\t<\/div><\/div><\/div><\/div><\/div>","protected":false},"excerpt":{"rendered":"<p>Idea general del projecteEl projecte MonTech promou la inclusi\u00f3 social i la equitat en escoles multiculturals d\u2019arreu d\u2019Europa a trav\u00e9s d\u2019activitats motivadores i innovadores, basades en un nou enfocament que [&hellip;]<\/p>\n","protected":false},"author":1,"featured_media":0,"parent":0,"menu_order":0,"comment_status":"closed","ping_status":"closed","template":"page-templates\/page_fullwidth.php","meta":[],"_links":{"self":[{"href":"https:\/\/montessoritech.eu\/ca\/wp-json\/wp\/v2\/pages\/2369"}],"collection":[{"href":"https:\/\/montessoritech.eu\/ca\/wp-json\/wp\/v2\/pages"}],"about":[{"href":"https:\/\/montessoritech.eu\/ca\/wp-json\/wp\/v2\/types\/page"}],"author":[{"embeddable":true,"href":"https:\/\/montessoritech.eu\/ca\/wp-json\/wp\/v2\/users\/1"}],"replies":[{"embeddable":true,"href":"https:\/\/montessoritech.eu\/ca\/wp-json\/wp\/v2\/comments?post=2369"}],"version-history":[{"count":6,"href":"https:\/\/montessoritech.eu\/ca\/wp-json\/wp\/v2\/pages\/2369\/revisions"}],"predecessor-version":[{"id":2677,"href":"https:\/\/montessoritech.eu\/ca\/wp-json\/wp\/v2\/pages\/2369\/revisions\/2677"}],"wp:attachment":[{"href":"https:\/\/montessoritech.eu\/ca\/wp-json\/wp\/v2\/media?parent=2369"}],"curies":[{"name":"wp","href":"https:\/\/api.w.org\/{rel}","templated":true}]}}